{"id":439,"date":"2023-01-03T11:38:59","date_gmt":"2023-01-03T10:38:59","guid":{"rendered":"https:\/\/www.eurodata.co.at\/?page_id=439"},"modified":"2023-01-03T11:45:09","modified_gmt":"2023-01-03T10:45:09","slug":"disclaimer","status":"publish","type":"page","link":"https:\/\/www.eurodata.co.at\/de\/disclaimer\/","title":{"rendered":"Disclaimer"},"content":{"rendered":"<section class=\"l-section wpb_row us_custom_e2245a1c has_text_color height_medium\"><div class=\"l-section-h i-cf\"><div class=\"g-cols vc_row via_flex valign_top type_default stacking_default\"><div class=\"vc_col-sm-10 wpb_column vc_column_container\"><div class=\"vc_column-inner us_custom_f3f68ac4\"><div class=\"wpb_wrapper\"><div class=\"wpb_text_column\"><div class=\"wpb_wrapper\"><div class=\"panel-pane pane-node \">\n<div class=\"pane-content\">\n<div class=\"contentbox page-title-box \">\n<div id=\"Datenschutzhinweise\" class=\"col-1 box contentbox-item \">\n<div class=\"contentbox-content\">\n<div id=\"AllgemeineGesch\u00e4fts-undLieferbedingungen\" class=\"col-1 box contentbox-item \">\n<div class=\"contentbox-content\">\n<h1 class=\"pane-title\">Disclaimer<\/h1>\n<\/div>\n<\/div>\n<\/div>\n<\/div>\n<\/div>\n<\/div>\n<\/div>\n<\/div><\/div><\/div><\/div><\/div><div class=\"vc_col-sm-2 wpb_column vc_column_container\"><div class=\"vc_column-inner\"><div class=\"wpb_wrapper\"><\/div><\/div><\/div><\/div><\/div><\/section><section class=\"l-section wpb_row height_medium\"><div class=\"l-section-h i-cf\"><div class=\"g-cols vc_row via_flex valign_top type_default stacking_default\"><div class=\"vc_col-sm-12 wpb_column vc_column_container\"><div class=\"vc_column-inner\"><div class=\"wpb_wrapper\"><div class=\"wpb_text_column\"><div class=\"wpb_wrapper\"><p><strong>Copyright\/Urheberrecht<\/strong><br \/>\nCopyright 2019 <strong>eurodata<\/strong> GmbH. Alle Rechte vorbehalten.<br \/>\nAlle Inhalte (Texte, Bilder, Grafiken, Dateien, graphische Gestaltungen, Anordnungen u.a.) auf unseren Internetseiten sind durch das Urheberrecht und andere Schutzgesetze gesch\u00fctzt. Dieser Rechtsschutz gilt auch gegen\u00fcber Datenbanken und \u00e4hnlichen Einrichtungen. Die Inhalte unserer Internetseiten d\u00fcrfen zum privaten (nicht zum kommerziellen) Gebrauch gesichtet und heruntergeladen, im \u00fcbrigen jedoch ohne unsere vorherige schriftliche Zustimmung nicht in irgendeiner Form vervielf\u00e4ltigt, weitergegeben, wiederverwendet, \u00fcbertragen, gespeichert, ver\u00e4ndert, verbreitet oder anderweitig genutzt werden. Unsere Internetseiten k\u00f6nnen zum Teil auch Inhalte enthalten, die dem Urheberrecht derjenigen unterliegen, die diese Inhalte zur Verf\u00fcgung stellen.<\/p>\n<p><strong>Marken, Logos, Firmenschriftz\u00fcge usw.<\/strong><br \/>\nMarken, Logos, Firmenschriftz\u00fcge, Produktausstattungen und Abbildungen, die auf diesen Internetseiten enthalten sind, sind f\u00fcr uns und\/oder, soweit angegeben, zugunsten der mit uns verbundenen oder anderer Unternehmen gesch\u00fctzt und d\u00fcrfen daher nicht f\u00fcr eigene Zwecke verwendet oder in sonstiger Weise genutzt werden.<\/p>\n<p><strong>Haftung<\/strong><br \/>\nDie Inhalte dieser Internetseiten pr\u00fcfen wir sorgf\u00e4ltig. Jegliche Haftung f\u00fcr Sch\u00e4den, die direkt oder indirekt aus der Benutzung dieser Internetseiten und ihrer Inhalte entstehen, schlie\u00dfen wir hiermit aus, soweit sie nicht etwa vors\u00e4tzlich oder grob fahrl\u00e4ssig von uns selbst verursacht werden. Dies gilt auch f\u00fcr Sch\u00e4den aus der Installation oder der Nutzung von Software beim Download und\/oder f\u00fcr Sch\u00e4den durch Computerviren.<\/p>\n<p><strong>Links<\/strong><br \/>\nBitte beachten Sie auch diesen Haftungsausschluss: Soweit unsere Internetseiten Links (Verweisungen) auf Internetseiten enthalten, die von Dritten angeboten werden, weisen wir darauf hin, dass wir keinen Einfluss auf die Gestaltung der Inhalte dieser externen Seiten haben und daher keine Gew\u00e4hr f\u00fcr deren Rechtm\u00e4\u00dfigkeit, Richtigkeit und Vollst\u00e4ndigkeit \u00fcbernehmen, uns hiermit vielmehr ausdr\u00fccklich von diesen Inhalten distanzieren und sie uns nicht zu eigen machen. Zugleich empfehlen wir Ihnen, die Nutzungsbedingungen, Datenschutz- und sonstigen rechtlichen Hinweise dieser anderen Internetseiten sorgf\u00e4ltig zu beachten.<\/p>\n<\/div><\/div><\/div><\/div><\/div><\/div><\/div><\/section>\n","protected":false},"excerpt":{"rendered":"Disclaimer Copyright\/Urheberrecht Copyright 2019 eurodata GmbH. Alle Rechte vorbehalten. Alle Inhalte (Texte, Bilder, Grafiken, Dateien, graphische Gestaltungen, Anordnungen u.a.) auf unseren Internetseiten sind durch das Urheberrecht und andere Schutzgesetze gesch\u00fctzt. Dieser Rechtsschutz gilt auch gegen\u00fcber Datenbanken und \u00e4hnlichen Einrichtungen. Die Inhalte unserer Internetseiten d\u00fcrfen zum privaten (nicht zum kommerziellen) Gebrauch gesichtet und heruntergeladen, im \u00fcbrigen...","protected":false},"author":5,"featured_media":0,"parent":0,"menu_order":0,"comment_status":"closed","ping_status":"closed","template":"","meta":{"footnotes":""},"class_list":["post-439","page","type-page","status-publish","hentry"],"distributor_meta":false,"distributor_terms":false,"distributor_media":false,"distributor_original_site_name":"eurodata GmbH \u00d6sterreich","distributor_original_site_url":"https:\/\/www.eurodata.co.at\/de\/","push-errors":false,"_links":{"self":[{"href":"https:\/\/www.eurodata.co.at\/de\/wp-json\/wp\/v2\/pages\/439","targetHints":{"allow":["GET"]}}],"collection":[{"href":"https:\/\/www.eurodata.co.at\/de\/wp-json\/wp\/v2\/pages"}],"about":[{"href":"https:\/\/www.eurodata.co.at\/de\/wp-json\/wp\/v2\/types\/page"}],"author":[{"embeddable":true,"href":"https:\/\/www.eurodata.co.at\/de\/wp-json\/wp\/v2\/users\/5"}],"replies":[{"embeddable":true,"href":"https:\/\/www.eurodata.co.at\/de\/wp-json\/wp\/v2\/comments?post=439"}],"version-history":[{"count":0,"href":"https:\/\/www.eurodata.co.at\/de\/wp-json\/wp\/v2\/pages\/439\/revisions"}],"wp:attachment":[{"href":"https:\/\/www.eurodata.co.at\/de\/wp-json\/wp\/v2\/media?parent=439"}],"curies":[{"name":"wp","href":"https:\/\/api.w.org\/{rel}","templated":true}]}}