{"id":38,"date":"2022-12-20T10:38:03","date_gmt":"2022-12-20T09:38:03","guid":{"rendered":"https:\/\/www.eurodata.co.at\/?page_id=38"},"modified":"2025-02-11T14:53:52","modified_gmt":"2025-02-11T13:53:52","slug":"kontakt","status":"publish","type":"page","link":"https:\/\/www.eurodata.co.at\/de\/kontakt\/","title":{"rendered":"Kontakt"},"content":{"rendered":"<section class=\"l-section wpb_row us_custom_332801cf has_text_color height_medium\"><div class=\"l-section-h i-cf\"><div class=\"g-cols vc_row via_flex valign_top type_default stacking_default\"><div class=\"vc_col-sm-8 wpb_column vc_column_container\"><div class=\"vc_column-inner\"><div class=\"wpb_wrapper\"><div class=\"wpb_text_column\"><div class=\"wpb_wrapper\"><h1 class=\"pane-title\">Kontakt und weitere Informationen<\/h1>\n<\/div><\/div><\/div><\/div><\/div><div class=\"vc_col-sm-4 wpb_column vc_column_container\"><div class=\"vc_column-inner\"><div class=\"wpb_wrapper\"><\/div><\/div><\/div><\/div><\/div><\/section><section class=\"l-section wpb_row us_custom_05fba4b2 edSupportForm edList height_medium\"><div class=\"l-section-h i-cf\"><div class=\"g-cols vc_row via_flex valign_top type_default stacking_default\"><div class=\"vc_col-sm-8 wpb_column vc_column_container\"><div class=\"vc_column-inner\"><div class=\"wpb_wrapper\"><div class=\"wpb_text_column\"><div class=\"wpb_wrapper\"><h2>Kontaktformular<\/h2>\n<\/div><\/div>\n<div class=\"wpcf7 no-js\" id=\"wpcf7-f8-o1\" lang=\"de-DE\" dir=\"ltr\" data-wpcf7-id=\"8\">\n<div class=\"screen-reader-response\"><p role=\"status\" aria-live=\"polite\" aria-atomic=\"true\"><\/p> <ul><\/ul><\/div>\n<form action=\"\/de\/wp-json\/wp\/v2\/pages\/38#wpcf7-f8-o1\" method=\"post\" class=\"wpcf7-form init\" aria-label=\"Kontaktformular\" novalidate=\"novalidate\" data-status=\"init\">\n<fieldset class=\"hidden-fields-container\"><input type=\"hidden\" name=\"_wpcf7\" value=\"8\" \/><input type=\"hidden\" name=\"_wpcf7_version\" value=\"6.1.5\" \/><input type=\"hidden\" name=\"_wpcf7_locale\" value=\"de_DE\" \/><input type=\"hidden\" name=\"_wpcf7_unit_tag\" value=\"wpcf7-f8-o1\" \/><input type=\"hidden\" name=\"_wpcf7_container_post\" value=\"0\" \/><input type=\"hidden\" name=\"_wpcf7_posted_data_hash\" value=\"\" \/>\n<\/fieldset>\n<p><span class=\"wpcf7-form-control-wrap\" data-name=\"us_form_1_text_2\"><input size=\"40\" maxlength=\"400\" class=\"wpcf7-form-control wpcf7-text edFormInputHonig\" aria-invalid=\"false\" value=\"\" type=\"text\" name=\"us_form_1_text_2\" \/><\/span>\n<\/p>\n<p><label> Firma<br \/>\n<span class=\"wpcf7-form-control-wrap\" data-name=\"your-firm\"><input size=\"40\" maxlength=\"400\" class=\"wpcf7-form-control wpcf7-text\" aria-invalid=\"false\" value=\"\" type=\"text\" name=\"your-firm\" \/><\/span> <\/label>\n<\/p>\n<p><label> Name, Vorname*<br \/>\n<span class=\"wpcf7-form-control-wrap\" data-name=\"your-name\"><input size=\"40\" maxlength=\"400\" class=\"wpcf7-form-control wpcf7-text wpcf7-validates-as-required\" aria-required=\"true\" aria-invalid=\"false\" value=\"\" type=\"text\" name=\"your-name\" \/><\/span> <\/label>\n<\/p>\n<p><label> E-Mail-Adresse*<br \/>\n<span class=\"wpcf7-form-control-wrap\" data-name=\"your-email\"><input size=\"40\" maxlength=\"400\" class=\"wpcf7-form-control wpcf7-email wpcf7-validates-as-required wpcf7-text wpcf7-validates-as-email\" aria-required=\"true\" aria-invalid=\"false\" value=\"\" type=\"email\" name=\"your-email\" \/><\/span> <\/label>\n<\/p>\n<p><label> Telefonnummer zur R\u00fccksprache<br \/>\n<span class=\"wpcf7-form-control-wrap\" data-name=\"your-tel\"><input size=\"40\" maxlength=\"400\" class=\"wpcf7-form-control wpcf7-tel wpcf7-text wpcf7-validates-as-tel\" aria-invalid=\"false\" value=\"\" type=\"tel\" name=\"your-tel\" \/><\/span> <\/label>\n<\/p>\n<p><label> Betreff (optional)<br \/>\n<span class=\"wpcf7-form-control-wrap\" data-name=\"your-subject\"><input size=\"40\" maxlength=\"400\" class=\"wpcf7-form-control wpcf7-text\" aria-invalid=\"false\" value=\"\" type=\"text\" name=\"your-subject\" \/><\/span> <\/label>\n<\/p>\n<p>Anfrage zu einem Produkt:<br \/>\n<span class=\"wpcf7-form-control-wrap\" data-name=\"checkboxenProdukt\"><span class=\"wpcf7-form-control wpcf7-checkbox\"><span class=\"wpcf7-list-item first\"><label><input type=\"checkbox\" name=\"checkboxenProdukt[]\" value=\"edfis\" \/><span class=\"wpcf7-list-item-label\">edfis<\/span><\/label><\/span><span class=\"wpcf7-list-item\"><label><input type=\"checkbox\" name=\"checkboxenProdukt[]\" value=\"edtas\" \/><span class=\"wpcf7-list-item-label\">edtas<\/span><\/label><\/span><span class=\"wpcf7-list-item\"><label><input type=\"checkbox\" name=\"checkboxenProdukt[]\" value=\"edtime\" \/><span class=\"wpcf7-list-item-label\">edtime<\/span><\/label><\/span><span class=\"wpcf7-list-item\"><label><input type=\"checkbox\" name=\"checkboxenProdukt[]\" value=\"edbackup\" \/><span class=\"wpcf7-list-item-label\">edbackup<\/span><\/label><\/span><span class=\"wpcf7-list-item\"><label><input type=\"checkbox\" name=\"checkboxenProdukt[]\" value=\"edmail2archiv\" \/><span class=\"wpcf7-list-item-label\">edmail2archiv<\/span><\/label><\/span><span class=\"wpcf7-list-item last\"><label><input type=\"checkbox\" name=\"checkboxenProdukt[]\" value=\"Optimierung der Buchhaltung\" \/><span class=\"wpcf7-list-item-label\">Optimierung der Buchhaltung<\/span><\/label><\/span><\/span><\/span>\n<\/p>\n<p>Weitere Anfragen:<br \/>\n<span class=\"wpcf7-form-control-wrap\" data-name=\"checkboxen\"><span class=\"wpcf7-form-control wpcf7-checkbox\"><span class=\"wpcf7-list-item first\"><label><input type=\"checkbox\" name=\"checkboxen[]\" value=\"Bitte um R\u00fcckruf\" \/><span class=\"wpcf7-list-item-label\">Bitte um R\u00fcckruf<\/span><\/label><\/span><span class=\"wpcf7-list-item\"><label><input type=\"checkbox\" name=\"checkboxen[]\" value=\"Bitte um Terminvereinbarung\" \/><span class=\"wpcf7-list-item-label\">Bitte um Terminvereinbarung<\/span><\/label><\/span><span class=\"wpcf7-list-item last\"><label><input type=\"checkbox\" name=\"checkboxen[]\" value=\"Anderes\" \/><span class=\"wpcf7-list-item-label\">Anderes<\/span><\/label><\/span><\/span><\/span>\n<\/p>\n<p><label> Ihr Anliegen*<br \/>\n<span class=\"wpcf7-form-control-wrap\" data-name=\"your-message\"><textarea cols=\"40\" rows=\"10\" maxlength=\"2000\" class=\"wpcf7-form-control wpcf7-textarea wpcf7-validates-as-required\" aria-required=\"true\" aria-invalid=\"false\" name=\"your-message\"><\/textarea><\/span> <\/label>\n<\/p>\n<p><span class=\"wpcf7-form-control-wrap\" data-name=\"checkbox-consent\"><span class=\"wpcf7-form-control wpcf7-checkbox wpcf7-validates-as-required\"><span class=\"wpcf7-list-item first last\"><label><input type=\"checkbox\" name=\"checkbox-consent[]\" value=\"Ich bin mit der Speicherung meiner Daten einverstanden. Die eurodata GmbH versichert, die Daten entsprechend den datenschutzrechtlichen Bestimmungen vertraulich zu behandeln.*\" \/><span class=\"wpcf7-list-item-label\">Ich bin mit der Speicherung meiner Daten einverstanden. Die eurodata GmbH versichert, die Daten entsprechend den datenschutzrechtlichen Bestimmungen vertraulich zu behandeln.*<\/span><\/label><\/span><\/span><\/span><br \/>\n<span class=\"wpcf7-form-control-wrap\" data-name=\"checkbox-werbung\"><span class=\"wpcf7-form-control wpcf7-checkbox\"><span class=\"wpcf7-list-item first last\"><label><input type=\"checkbox\" name=\"checkbox-werbung[]\" value=\"Ich bin damit einverstanden, dass die eurodata GmbH mir an die oben angegebene E-Mail-Adresse Informationen \u00fcber ihre Produkte und Dienstleistungen zusendet.**\" \/><span class=\"wpcf7-list-item-label\">Ich bin damit einverstanden, dass die eurodata GmbH mir an die oben angegebene E-Mail-Adresse Informationen \u00fcber ihre Produkte und Dienstleistungen zusendet.**<\/span><\/label><\/span><\/span><\/span>\n<\/p>\n<p><label>Bitte l\u00f6sen Sie diese Aufgabe, um zu zeigen, dass Sie kein Roboter sind:<br \/>\n<span class=\"wpcf7-form-control-wrap\" data-name=\"quiz-807\"><label><span class=\"wpcf7-quiz-label\">15 - 10 =<\/span> <input size=\"40\" class=\"wpcf7-form-control wpcf7-quiz edInfoPopup\" autocomplete=\"off\" aria-required=\"true\" aria-invalid=\"false\" type=\"text\" name=\"quiz-807\" \/><\/label><input type=\"hidden\" name=\"_wpcf7_quiz_answer_quiz-807\" value=\"d4d4f1198dadcb6efed6f65f6c1462b9\" \/><\/span><\/label>\n<\/p>\n<p><input class=\"wpcf7-form-control wpcf7-submit has-spinner\" type=\"submit\" value=\"Senden\" \/>\n<\/p>\n<p>* Pflichtfeld<br \/>\n** Ich bin berechtigt, meine Einwilligung insgesamt oder teilweise jederzeit mit Wirkung f\u00fcr die Zukunft gegen\u00fcber der eurodata GmbH zu widerrufen und von dieser die L\u00f6schung bzw. Sperrung meiner Daten zu verlangen. Informationen bzgl. der Verarbeitung Ihrer personenbezogenen Daten finden Sie in unseren <a href=\"\/datenschutz\" target=\"_blank\">Datenschutzhinweisen<\/a>. Ihre E-Mail-Adresse wird zu keinem anderen Zweck verwendet als zu dem Ihrer Anfrage.\n<\/p><div class=\"wpcf7-response-output\" aria-hidden=\"true\"><\/div>\n<\/form>\n<\/div>\n<\/div><\/div><\/div><div class=\"vc_col-sm-4 wpb_column vc_column_container\"><div class=\"vc_column-inner\"><div class=\"wpb_wrapper\"><div class=\"wpb_text_column\"><div class=\"wpb_wrapper\"><h4>Support per TeamViewer<\/h4>\n<p><strong>F\u00fcr Fernwartung und Training mit unseren Kunden:<\/strong><a href=\"https:\/\/www.eurodata.de\/sites\/default\/files\/ed_tec_PB_edbic_edpem_Proszess_Steuerung_DE.pdf\" target=\"_blank\" rel=\"noopener\"><br \/>\n<\/a><\/p>\n<ul>\n<li class=\"download\"><a href=\"https:\/\/get.teamviewer.com\/eurodata_qs\" target=\"_blank\" rel=\"noopener\">TeamViewer 15 Support<\/a><\/li>\n<li class=\"download\"><a href=\"https:\/\/go.teamviewer.com\/eurodata_meeting\" target=\"_blank\" rel=\"noopener\">TeamViewer 15 Meeting<\/a><\/li>\n<\/ul>\n<\/div><\/div><div class=\"w-separator us_custom_33d0e2fc size_medium\"><\/div><div class=\"wpb_text_column\"><div class=\"wpb_wrapper\"><h4>Kontakte<\/h4>\n<\/div><\/div><div class=\"w-text icon_atleft\"><span class=\"w-text-h\"><i class=\"fal fa-phone\"><\/i><span class=\"w-text-value\">+43 1 7747073 &#8211; 45<\/span><\/span><\/div><div class=\"w-text icon_atleft\"><span class=\"w-text-h\"><i class=\"fal fa-envelope\"><\/i><span class=\"w-text-value\">support@eurodata.co.at<\/span><\/span><\/div><\/div><\/div><\/div><\/div><\/div><\/section><section class=\"l-section wpb_row us_custom_e0384f71 edList height_medium with_shape\"><div class=\"l-section-shape type_tilt pos_top\" style=\"height:8vh;\"><svg xmlns=\"http:\/\/www.w3.org\/2000\/svg\" viewBox=\"0 0 64 8\" preserveAspectRatio=\"none\" width=\"100%\" height=\"100%\">\r\n\t<path fill=\"currentColor\" d=\"M64 7.9 L64 10 L0 10 L0 0 Z\"\/>\r\n<\/svg><\/div><div class=\"l-section-h i-cf\"><div class=\"g-cols vc_row via_flex valign_top type_default stacking_default\"><div class=\"vc_col-sm-6 wpb_column vc_column_container\"><div class=\"vc_column-inner\"><div class=\"wpb_wrapper\"><div class=\"wpb_text_column\"><div class=\"wpb_wrapper\"><h3>L\u00f6sungen und Produkte<\/h3>\n<ul>\n<li><strong><a href=\"\/franchise-informationssystem\/\">edfis <\/a><\/strong>(Controlling &amp; Reporting f\u00fcr Franchisesysteme)<\/li>\n<li><a href=\"\/tankstellenabrechnung-und-controlling-system\/\"><strong>edtas <\/strong><\/a>(Abrechnungs- und Controlling-System f\u00fcr Tankstellen)<\/li>\n<li><strong><a href=\"https:\/\/www.eurodata.co.at\/wp-content\/uploads\/sites\/6\/2025\/02\/edtas-Beraternetzwerk-2025-02.pdf\" target=\"_blank\" rel=\"noopener\">Steuerberaternetzwerk edtas \u00d6sterreich<\/a><\/strong><\/li>\n<li><a title=\"Steuerberaternetzwerk edtas \u00d6sterreich\" href=\"https:\/\/www.eurodata.co.at\/archivierung-und-datensicherung\/edmail2archive\/\" target=\"_blank\" rel=\"noopener\"><strong>email2archive <\/strong><\/a>(Archivierungsl\u00f6sung f\u00fcr KMUs)<\/li>\n<li><a href=\"https:\/\/www.eurodata.co.at\/archivierung-und-datensicherung\/edbackup\/\" target=\"_blank\" rel=\"noopener\"><strong>edbackup<\/strong><\/a> (Online-Datensicherung f\u00fcr KMUs)<\/li>\n<li><strong><a href=\"\/buchhaltung-optimieren\/\">Optimierung der Buchhaltung<\/a><\/strong> (f\u00fcr Steuerberater und KMUs)<\/li>\n<li><a href=\"\/loesungen\" target=\"_self\" rel=\"noopener\">alle<\/a><\/li>\n<\/ul>\n<\/div><\/div><\/div><\/div><\/div><div class=\"vc_col-sm-6 wpb_column vc_column_container\"><div class=\"vc_column-inner\"><div class=\"wpb_wrapper\"><div class=\"wpb_text_column hide_on_default hide_on_laptops hide_on_tablets hide_on_mobiles\"><div class=\"wpb_wrapper\"><h3>Downloads<\/h3>\n<div class=\"description \">\n<p><strong>Webinare\/Videos<\/strong><\/p>\n<ul>\n<li class=\"download\"><a href=\"https:\/\/www.youtube.com\/watch?v=kvIDNV61loY&amp;t=10s\" target=\"_blank\" rel=\"noopener\">Einfach &#8211; Sicher &#8211; Kosteng\u00fcnstig: Archivierung mit <strong>edmail2archive<\/strong><\/a><br \/>\n<small>(Dieses Video befindet sich auf YouTube. Mit Klick auf den Link verlassen Sie unsere Webseite und werden dorthin weitergeleitet.)<\/small><\/li>\n<\/ul>\n<p><strong title=\"edlohn-Produktbrosch\u00fcre\">Produktinformationen<\/strong><\/p>\n<ul>\n<li class=\"download\"><a title=\"edfis-Produktinformation\" href=\"\/wp-content\/uploads\/sites\/6\/2023\/01\/edfis_Prospekt_de-1.pdf\" target=\"_blank\" rel=\"noopener\">Produktinformation <strong>edfis<\/strong><\/a><\/li>\n<li class=\"download\"><a title=\"edtas-Produktinformation\" href=\"\/wp-content\/uploads\/sites\/6\/2023\/01\/Produktblatt_edtas_AT.pdf\" target=\"_blank\" rel=\"noopener\">Produktinformation <strong>edtas<\/strong><\/a><\/li>\n<li class=\"download\"><a title=\"Produktinformation edbackup\" href=\"\/wp-content\/uploads\/sites\/6\/2023\/01\/eurodata_edbackup_AUT_022018.pdf\" target=\"_blank\" rel=\"noopener\">Produktinformation <strong>edbackup<\/strong><\/a><\/li>\n<\/ul>\n<p><strong>F\u00fcr Fernwartung und Training mit unseren Kunden<\/strong><\/p>\n<ul>\n<li class=\"download\"><a href=\"https:\/\/www.eurodata.co.at\/sites\/default\/files\/eurodata%20Fernwartung%20Windows.exe\">TeamViewer Support Windows<\/a><\/li>\n<li class=\"download\"><a href=\"https:\/\/www.eurodata.co.at\/sites\/default\/files\/Teamviewer\/TeamViewerQJ_0.exe\" target=\"_blank\" rel=\"noopener\">TeamViewer Meeting Windows<\/a><\/li>\n<li class=\"download\"><a title=\"TeamViewer Mac\" href=\"https:\/\/www.eurodata.co.at\/sites\/default\/files\/eurodata%20Fernwartung%20Mac.zip\">TeamViewer Support Mac<\/a><\/li>\n<li class=\"download\"><a title=\"TeamViewer Linux\" href=\"https:\/\/www.eurodata.co.at\/sites\/default\/files\/eurodata%20Fernwartung%20Linux.tar.gz\">TeamViewer Support Linux<\/a><\/li>\n<\/ul>\n<\/div>\n<\/div><\/div><\/div><\/div><\/div><\/div><\/div><\/section>\n","protected":false},"excerpt":{"rendered":"Kontakt und weitere Informationen Kontaktformular Firma Name, Vorname* E-Mail-Adresse* Telefonnummer zur R\u00fccksprache Betreff (optional) Anfrage zu einem Produkt: edfisedtasedtimeedbackupedmail2archivOptimierung der Buchhaltung Weitere Anfragen: Bitte um R\u00fcckrufBitte um TerminvereinbarungAnderes Ihr Anliegen* Ich bin mit der Speicherung meiner Daten einverstanden. Die eurodata GmbH versichert, die Daten entsprechend den datenschutzrechtlichen Bestimmungen vertraulich zu behandeln.* Ich bin damit einverstanden,...","protected":false},"author":5,"featured_media":0,"parent":0,"menu_order":0,"comment_status":"closed","ping_status":"closed","template":"","meta":{"footnotes":""},"class_list":["post-38","page","type-page","status-publish","hentry"],"distributor_meta":false,"distributor_terms":false,"distributor_media":false,"distributor_original_site_name":"eurodata GmbH \u00d6sterreich","distributor_original_site_url":"https:\/\/www.eurodata.co.at\/de\/","push-errors":false,"_links":{"self":[{"href":"https:\/\/www.eurodata.co.at\/de\/wp-json\/wp\/v2\/pages\/38","targetHints":{"allow":["GET"]}}],"collection":[{"href":"https:\/\/www.eurodata.co.at\/de\/wp-json\/wp\/v2\/pages"}],"about":[{"href":"https:\/\/www.eurodata.co.at\/de\/wp-json\/wp\/v2\/types\/page"}],"author":[{"embeddable":true,"href":"https:\/\/www.eurodata.co.at\/de\/wp-json\/wp\/v2\/users\/5"}],"replies":[{"embeddable":true,"href":"https:\/\/www.eurodata.co.at\/de\/wp-json\/wp\/v2\/comments?post=38"}],"version-history":[{"count":3,"href":"https:\/\/www.eurodata.co.at\/de\/wp-json\/wp\/v2\/pages\/38\/revisions"}],"predecessor-version":[{"id":7408,"href":"https:\/\/www.eurodata.co.at\/de\/wp-json\/wp\/v2\/pages\/38\/revisions\/7408"}],"wp:attachment":[{"href":"https:\/\/www.eurodata.co.at\/de\/wp-json\/wp\/v2\/media?parent=38"}],"curies":[{"name":"wp","href":"https:\/\/api.w.org\/{rel}","templated":true}]}}