{"id":147,"date":"2022-12-22T08:19:47","date_gmt":"2022-12-22T07:19:47","guid":{"rendered":"https:\/\/www.eurodata.co.at\/?page_id=147"},"modified":"2023-06-29T11:36:35","modified_gmt":"2023-06-29T09:36:35","slug":"edmail2archive","status":"publish","type":"page","link":"https:\/\/www.eurodata.co.at\/de\/archivierung-und-datensicherung\/edmail2archive\/","title":{"rendered":"edmail2archive &#8211; die elektronische Archivierung per E-Mail"},"content":{"rendered":"<section class=\"l-section wpb_row us_custom_621e142c has_text_color height_medium\"><div class=\"l-section-h i-cf\"><div class=\"g-cols vc_row via_flex valign_top type_default stacking_default\"><div class=\"vc_col-sm-9 wpb_column vc_column_container\"><div class=\"vc_column-inner\"><div class=\"wpb_wrapper\"><div class=\"wpb_text_column us_custom_6df4bc3a has_text_color\"><div class=\"wpb_wrapper\"><h1 class=\"page-title\"><b>edmail2archive<\/b> &#8211; die elektronische Archivierung per E-Mail<\/h1>\n<\/div><\/div><div class=\"w-popup w-btn-wrapper align_none\"><button class=\"w-popup-trigger type_btn w-btn us-btn-style_6\" aria-label=\"Info anfordern\" type=\"button\"><span class=\"w-btn-label\">Info anfordern<\/span><\/button><div class=\"w-popup-overlay\" style=\"background:rgba(0,0,0,0.85);\"><\/div><div class=\"w-popup-wrap layout_default\" role=\"dialog\" aria-modal=\"true\" aria-label=\"Pop-up\" style=\"--title-color:var(--color-content-heading);--title-bg-color:var(--color-content-bg-alt);--content-color:var(--color-content-text);--content-bg-color:var(--color-content-bg);--popup-width:600px;--popup-padding:5%;\"><button aria-label=\"Schlie\u00dfen\" class=\"w-popup-closer\" type=\"button\"><\/button><div class=\"w-popup-box animation_fadeIn closerpos_outside without_title\"><div class=\"w-popup-box-h\"><div class=\"w-popup-box-content\"><section class=\"l-section wpb_row us_custom_e6b22bd8 height_medium\"><div class=\"l-section-h i-cf\"><div class=\"g-cols vc_row via_flex valign_top type_default stacking_default\"><div class=\"vc_col-sm-12 wpb_column vc_column_container\"><div class=\"vc_column-inner\"><div class=\"wpb_wrapper\"><div class=\"g-cols wpb_row us_custom_2f781ae3 via_flex valign_top type_default stacking_default\"><div class=\"vc_col-sm-12 wpb_column vc_column_container\"><div class=\"vc_column-inner\"><div class=\"wpb_wrapper\"><div class=\"wpb_text_column us_custom_eb849559\"><div class=\"wpb_wrapper\"><h2 class=\"title\">Sie wollen mehr erfahren?<\/h2>\n<div class=\"title\">Dann nehmen Sie gleich hier Kontakt mit uns auf.<\/div>\n<\/div><\/div><\/div><\/div><\/div><\/div><div class=\"g-cols wpb_row us_custom_adaa8e22 edBewerbungPopup via_flex valign_top type_default stacking_default\"><div class=\"vc_col-sm-12 wpb_column vc_column_container\"><div class=\"vc_column-inner\"><div class=\"wpb_wrapper\">\n<div class=\"wpcf7 no-js\" id=\"wpcf7-f416-o1\" lang=\"de-DE\" dir=\"ltr\" data-wpcf7-id=\"416\">\n<div class=\"screen-reader-response\"><p role=\"status\" aria-live=\"polite\" aria-atomic=\"true\"><\/p> <ul><\/ul><\/div>\n<form action=\"\/de\/wp-json\/wp\/v2\/pages\/147#wpcf7-f416-o1\" method=\"post\" class=\"wpcf7-form init\" aria-label=\"Kontaktformular\" novalidate=\"novalidate\" data-status=\"init\">\n<fieldset class=\"hidden-fields-container\"><input type=\"hidden\" name=\"_wpcf7\" value=\"416\" \/><input type=\"hidden\" name=\"_wpcf7_version\" value=\"6.1.5\" \/><input type=\"hidden\" name=\"_wpcf7_locale\" value=\"de_DE\" \/><input type=\"hidden\" name=\"_wpcf7_unit_tag\" value=\"wpcf7-f416-o1\" \/><input type=\"hidden\" name=\"_wpcf7_container_post\" value=\"0\" \/><input type=\"hidden\" name=\"_wpcf7_posted_data_hash\" value=\"\" \/>\n<\/fieldset>\n<p><span class=\"wpcf7-form-control-wrap\" data-name=\"us_form_1_text_2\"><input size=\"40\" maxlength=\"400\" class=\"wpcf7-form-control wpcf7-text edFormInputHonig\" aria-invalid=\"false\" value=\"\" type=\"text\" name=\"us_form_1_text_2\" \/><\/span>\n<\/p>\n<p><label> Firma:<br \/>\n<span class=\"wpcf7-form-control-wrap\" data-name=\"company-name\"><input size=\"40\" maxlength=\"400\" class=\"wpcf7-form-control wpcf7-text edInfoPopup\" aria-invalid=\"false\" value=\"\" type=\"text\" name=\"company-name\" \/><\/span> <\/label>\n<\/p>\n<p><label> * Name, Vorname:<br \/>\n<span class=\"wpcf7-form-control-wrap\" data-name=\"your-name\"><input size=\"40\" maxlength=\"400\" class=\"wpcf7-form-control wpcf7-text wpcf7-validates-as-required edInfoPopup\" aria-required=\"true\" aria-invalid=\"false\" value=\"\" type=\"text\" name=\"your-name\" \/><\/span> <\/label>\n<\/p>\n<p><label> * E-Mail-Adresse:<br \/>\n<span class=\"wpcf7-form-control-wrap\" data-name=\"your-email\"><input size=\"40\" maxlength=\"400\" class=\"wpcf7-form-control wpcf7-email wpcf7-validates-as-required wpcf7-text wpcf7-validates-as-email edInfoPopup\" aria-required=\"true\" aria-invalid=\"false\" value=\"\" type=\"email\" name=\"your-email\" \/><\/span> <\/label>\n<\/p>\n<p><label> Telefonnummer zur R\u00fccksprache:<br \/>\n<span class=\"wpcf7-form-control-wrap\" data-name=\"your-tel\"><input size=\"40\" maxlength=\"400\" class=\"wpcf7-form-control wpcf7-tel wpcf7-text wpcf7-validates-as-tel edInfoPopup\" aria-invalid=\"false\" value=\"\" type=\"tel\" name=\"your-tel\" \/><\/span> <\/label>\n<\/p>\n<p><label> Ihre Nachricht an uns:<br \/>\n<span class=\"wpcf7-form-control-wrap\" data-name=\"your-message\"><textarea cols=\"40\" rows=\"10\" maxlength=\"2000\" class=\"wpcf7-form-control wpcf7-textarea edInfoPopup\" aria-invalid=\"false\" name=\"your-message\"><\/textarea><\/span> <\/label>\n<\/p>\n<p><span class=\"wpcf7-form-control-wrap\" data-name=\"acceptance-your-consent\"><span class=\"wpcf7-form-control wpcf7-acceptance\"><span class=\"wpcf7-list-item\"><label><input type=\"checkbox\" name=\"acceptance-your-consent\" value=\"1\" class=\"edInfoPopup\" aria-invalid=\"false\" \/><span class=\"wpcf7-list-item-label\">Ich bin mit der Speicherung meiner Daten einverstanden. Die eurodata GmbH versichert, die Daten entsprechend den datenschutzrechtlichen Bestimmungen vertraulich zu behandeln. *<\/span><\/label><\/span><\/span><\/span>\n<\/p>\n<p><span class=\"wpcf7-form-control-wrap\" data-name=\"checkbox-adConsent\"><span class=\"wpcf7-form-control wpcf7-checkbox edInfoPopup\"><span class=\"wpcf7-list-item first last\"><input type=\"checkbox\" name=\"checkbox-adConsent[]\" value=\"Ich bin damit einverstanden, dass die eurodata AG mir an die oben angegebene E-Mail-Adresse Informationen \u00fcber ihre Produkte und Dienstleistungen zusendet. **\" \/><span class=\"wpcf7-list-item-label\">Ich bin damit einverstanden, dass die eurodata AG mir an die oben angegebene E-Mail-Adresse Informationen \u00fcber ihre Produkte und Dienstleistungen zusendet. **<\/span><\/span><\/span><\/span>\n<\/p>\n<p>* Pflichtfeld<br \/>\n** Ich bin berechtigt, meine Einwilligung insgesamt oder teilweise jederzeit mit Wirkung f\u00fcr die Zukunft gegen\u00fcber der eurodata AG zu widerrufen und von dieser die L\u00f6schung bzw. Sperrung meiner Daten zu verlangen. Informationen bzgl. der Verarbeitung Ihrer personenbezogenen Daten finden Sie in unseren <a href=\"\/datenschutz\" target=\"_blank\">Datenschutzhinweisen<\/a>. Ihre E-Mail-Adresse wird zu keinem anderen Zweck verwendet als zu dem Ihrer Anfrage.\n<\/p>\n<p><label>Bitte l\u00f6sen Sie diese Aufgabe, um zu zeigen, dass Sie kein Roboter sind:<br \/>\n<span class=\"wpcf7-form-control-wrap\" data-name=\"quiz-807\"><label><span class=\"wpcf7-quiz-label\">24 - 1 =<\/span> <input size=\"40\" class=\"wpcf7-form-control wpcf7-quiz edInfoPopup\" autocomplete=\"off\" aria-required=\"true\" aria-invalid=\"false\" type=\"text\" name=\"quiz-807\" \/><\/label><input type=\"hidden\" name=\"_wpcf7_quiz_answer_quiz-807\" value=\"910d7fcf7be36945d2d124c1a1072b65\" \/><\/span> <\/label>\n<\/p>\n<p><input class=\"wpcf7-form-control wpcf7-submit has-spinner edInfoPopupSubmit\" type=\"submit\" value=\"Beratung anfordern\" \/>\n<\/p><div class=\"wpcf7-response-output\" aria-hidden=\"true\"><\/div>\n<\/form>\n<\/div>\n<\/div><\/div><\/div><\/div><\/div><\/div><\/div><\/div><\/div><\/section>\n<\/div><\/div><\/div><\/div><\/div><\/div><\/div><\/div><div class=\"vc_col-sm-3 wpb_column vc_column_container\"><div class=\"vc_column-inner\"><div class=\"wpb_wrapper\"><\/div><\/div><\/div><\/div><\/div><\/section><section class=\"l-section wpb_row us_custom_2c56f36e edList height_medium\"><div class=\"l-section-h i-cf\"><div class=\"g-cols vc_row via_flex valign_top type_default stacking_default\"><div class=\"vc_col-sm-6 wpb_column vc_column_container\"><div class=\"vc_column-inner us_custom_6c21c073 us_animate_this\"><div class=\"wpb_wrapper\"><div class=\"wpb_text_column\"><div class=\"wpb_wrapper\"><div class=\"panel-pane pane-node \">\n<div class=\"pane-content\">\n<div class=\"contentbox \">\n<div id=\"OptimalebetriebswirtschaftlicheAuswertungenundVergleichemit&lt;b&gt;edfis&lt;\/b&gt;\" class=\"col-1 box contentbox-item \">\n<div class=\"contentbox-content\">\n<div class=\"panel-pane pane-node \">\n<div class=\"pane-content\">\n<div class=\"contentbox \">\n<div id=\"DasOnline-Archivf\u00fcrdieelektronischeArchivierungperE-Mail\" class=\"col-34 box contentbox-item top890\">\n<div class=\"contentbox-content\">\n<h2 class=\"title \">Das Online-Archiv f\u00fcr die elektronische Archivierung per E-Mail<\/h2>\n<div class=\"panel-pane pane-node \">\n<div class=\"pane-content\">\n<div class=\"contentbox \">\n<div id=\"OptimalebetriebswirtschaftlicheAuswertungenundVergleichemit&lt;b&gt;edfis&lt;\/b&gt;\" class=\"col-1 box contentbox-item \">\n<div class=\"contentbox-content\">\n<div class=\"description \">\n<div class=\"panel-pane pane-node \">\n<div class=\"pane-content\">\n<div class=\"contentbox \">\n<div id=\"DasOnline-Archivf\u00fcrdieelektronischeArchivierungperE-Mail\" class=\"col-34 box contentbox-item top890\">\n<div class=\"contentbox-content\">\n<div class=\"description \">\n<p>Sie erhalten immer mehr elektronische Rechnungen? Archivieren Sie diese mit edmail2archive und im Handumdrehen haben Sie alle elektronischen Rechnungen sicher an <strong>einer zentralen Stelle<\/strong> verwahrt! Speichern Sie mit <strong>edmail2archive<\/strong> alle wichtigen Dokumente wie Vertr\u00e4ge, Versicherungen, Kopie Ihres Reisepasses, F\u00fchrerscheins, usw. in Ihrem Online-Archiv und rufen Sie diese bei Bedarf rund um die Uhr \u00fcber das Internet ab.<\/p>\n<p>Ihre Daten werden in unserem Rechenzentrum f\u00fcr mindestens 7 bzw. 10 Jahre gespeichert und sind so gegen Feuer, Diebstahl, versehentliches L\u00f6schen oder Hardwareausfall gesch\u00fctzt &#8211; sicherer geht\u00b4s nicht!<\/p>\n<\/div>\n<\/div>\n<\/div>\n<\/div>\n<\/div>\n<\/div>\n<\/div>\n<\/div>\n<\/div>\n<\/div>\n<\/div>\n<\/div>\n<\/div>\n<\/div>\n<\/div>\n<\/div>\n<\/div>\n<\/div>\n<\/div>\n<\/div>\n<\/div>\n<\/div>\n<\/div><\/div><\/div><\/div><\/div><div class=\"vc_col-sm-6 wpb_column vc_column_container\"><div class=\"vc_column-inner us_custom_ba870b58 us_animate_this\"><div class=\"wpb_wrapper\"><div class=\"w-video hide_on_default hide_on_laptops hide_on_tablets hide_on_mobiles align_none ratio_16x9 with_overlay has_iframe\" style=\"background-image:url(https:\/\/www.eurodata.co.at\/wp-content\/uploads\/sites\/6\/2023\/04\/edtime-scaled.jpg);\" onclick=\"return {&quot;player_id&quot;:&quot;youtube-w311&quot;,&quot;player_api&quot;:&quot;\\\/\\\/www.youtube.com\\\/player_api&quot;,&quot;player_html&quot;:&quot;&lt;div id=\\&quot;youtube-w311\\&quot;&gt;&lt;\\\/div&gt;&lt;script&gt;\\r\\n\\t\\t\\twindow.USYTPlayers = ( window.USYTPlayers || { initYTFunctions: [], optionsYT: [], USYTInited: false } );\\r\\n\\t\\t\\twindow.USYTPlayers.optionsYT.push( {\\r\\n\\t\\t\\t\\tplayerID: \\&quot;youtube-w311\\&quot;,\\r\\n\\t\\t\\t\\tvideoID: \\&quot;kvIDNV61loY\\&quot;,\\r\\n\\t\\t\\t\\tplayerVars: {\\&quot;autoplay\\&quot;:1,\\&quot;controls\\&quot;:1,\\&quot;origin\\&quot;:\\&quot;https:\\\\\\\/\\\\\\\/www.eurodata.co.at\\\\\\\/de\\\\\\\/\\&quot;,\\&quot;loop\\&quot;:0,\\&quot;mute\\&quot;:0,\\&quot;playlist\\&quot;:\\&quot;kvIDNV61loY\\&quot;}\\r\\n\\t\\t\\t} );\\r\\n\\t\\t\\tif ( window.USYTPlayers.USYTInited === false ) {\\r\\n\\t\\t\\t\\t\\\/\\\/ Trying to override other possible WP YT API calls if our element is used\\r\\n\\t\\t\\t\\twindow.USYTPlayers.USYTInited = true;\\r\\n\\r\\n\\t\\t\\t\\twindow.onYouTubePlayerAPIReady = function() {\\r\\n\\t\\t\\t\\t\\tfor ( var i in window.USYTPlayers.optionsYT ) {\\r\\n\\t\\t\\t\\t\\t\\tvar _playerParams = window.USYTPlayers.optionsYT[ i ];\\r\\n\\t\\t\\t\\t\\t\\t$us.YTPlayers[ _playerParams.playerID ] = new YT.Player( _playerParams.playerID, {\\r\\n\\t\\t\\t\\t\\t\\t\\tvideoId: _playerParams.videoID,\\r\\n\\t\\t\\t\\t\\t\\t\\tplayerVars: _playerParams.playerVars\\r\\n\\t\\t\\t\\t\\t\\t} );\\r\\n\\t\\t\\t\\t\\t}\\r\\n\\t\\t\\t\\t}\\r\\n\\t\\t\\t}\\r\\n\\t\\t\\tif ( !!window.YT ) {\\r\\n\\t\\t\\t\\t$us.YTPlayers[\\&quot;youtube-w311\\&quot;] = new YT.Player( \\&quot;youtube-w311\\&quot;, {\\r\\n\\t\\t\\t\\t\\tvideoId: \\&quot;kvIDNV61loY\\&quot;,\\r\\n\\t\\t\\t\\t\\tplayerVars: {\\&quot;autoplay\\&quot;:1,\\&quot;controls\\&quot;:1,\\&quot;origin\\&quot;:\\&quot;https:\\\\\\\/\\\\\\\/www.eurodata.co.at\\\\\\\/de\\\\\\\/\\&quot;,\\&quot;loop\\&quot;:0,\\&quot;mute\\&quot;:0,\\&quot;playlist\\&quot;:\\&quot;kvIDNV61loY\\&quot;}\\r\\n\\t\\t\\t\\t} );\\r\\n\\t\\t\\t}\\r\\n\\t\\t&lt;\\\/script&gt;&quot;}\"><button class=\"w-video-play\" type=\"button\" aria-label=\"Wiedergeben\"><span class=\"w-video-play-icon\" style=\"font-size:1.5rem;background:rgba(0,0,0,0.5);color:#ffffff\"><\/span><\/button><div class=\"w-video-h\"><\/div><\/div>[vc_raw_js]JTNDZGl2JTIwb25jbGljayUzRCUyMnRoaXMuc3R5bGUuZGlzcGxheSUzRCUyN25vbmUlMjclM0IlMjB0aGlzLm5leHRTaWJsaW5nLnN0eWxlLmRpc3BsYXklM0QlMjdibG9jayUyNyUzQiUyMiUzRSUzQ2ltZyUyMHNyYyUzRCUyMmh0dHBzJTNBJTJGJTJGd3d3LmV1cm9kYXRhLmNvLmF0JTJGd3AtY29udGVudCUyRnVwbG9hZHMlMkZzaXRlcyUyRjYlMkYyMDIzJTJGMDYlMkZlZG1haWwyYXJjaGl2ZS1zY2FsZWQuanBnJTIyJTIwc3R5bGUlM0QlMjJjdXJzb3IlM0Fwb2ludGVyJTIyJTIwdGl0bGUlM0QlMjJZb3VUdWJlJTIwVmlkZW8lM0ElMjBlZHRpbWUlMjBzdGVsbHQlMjBzaWNoJTIwdm9yJTIyJTIwJTJGJTNFJTNDJTJGZGl2JTNFJTNDZGl2JTIwc3R5bGUlM0QlMjJkaXNwbGF5JTNBbm9uZSUyMiUzRSUwQSUwQSUyMCUyMCUyMCUyMCUzQ2lmcmFtZSUyMHdpZHRoJTNEJTIyNjIxJTIyJTIwaGVpZ2h0JTNEJTIyMzQ5JTIyJTIwc3JjJTNEJTIyaHR0cHMlM0ElMkYlMkZ3d3cueW91dHViZS1ub2Nvb2tpZS5jb20lMkZlbWJlZCUyRmt2SUROVjYxbG9ZJTIyJTIwdGl0bGUlM0QlMjJZb3VUdWJlJTIwdmlkZW8lMjBwbGF5ZXIlMjIlMjBmcmFtZWJvcmRlciUzRCUyMjAlMjIlMjBhbGxvdyUzRCUyMmFjY2VsZXJvbWV0ZXIlM0IlMjBhdXRvcGxheSUzQiUyMGNsaXBib2FyZC13cml0ZSUzQiUyMGVuY3J5cHRlZC1tZWRpYSUzQiUyMGd5cm9zY29wZSUzQiUyMHBpY3R1cmUtaW4tcGljdHVyZSUzQiUyMHdlYi1zaGFyZSUyMiUyMGFsbG93ZnVsbHNjcmVlbiUzRSUzQyUyRmlmcmFtZSUzRSUwQSUwQSUzQyUyRmRpdiUzRQ==[\/vc_raw_js]<\/div><\/div><\/div><\/div><\/div><\/section><section class=\"l-section wpb_row us_custom_dd3e79ab edList hide_on_mobiles height_medium with_shape\"><div class=\"l-section-shape type_tilt pos_bottom\" style=\"height:7vh;color:#ffffff\"><svg xmlns=\"http:\/\/www.w3.org\/2000\/svg\" viewBox=\"0 0 64 8\" preserveAspectRatio=\"none\" width=\"100%\" height=\"100%\">\r\n\t<path fill=\"currentColor\" d=\"M64 7.9 L64 10 L0 10 L0 0 Z\"\/>\r\n<\/svg><\/div><div class=\"l-section-h i-cf\"><div class=\"g-cols vc_row via_flex valign_top type_default stacking_default\"><div class=\"vc_col-sm-12 wpb_column vc_column_container\"><div class=\"vc_column-inner us_custom_6c21c073 us_animate_this\"><div class=\"wpb_wrapper\"><\/div><\/div><\/div><\/div><\/div><\/section><section class=\"l-section wpb_row us_custom_9e765ce2 edList height_medium\"><div class=\"l-section-h i-cf\"><div class=\"g-cols vc_row via_flex valign_top type_default stacking_default\"><div class=\"vc_col-sm-4 wpb_column vc_column_container\"><div class=\"vc_column-inner us_custom_6c21c073 us_animate_this\"><div class=\"wpb_wrapper\"><div class=\"w-iconbox us_custom_4f24afa8 iconpos_top style_default color_primary align_center no_text no_title\"><div class=\"w-iconbox-icon\" style=\"font-size:5rem;\"><i class=\"fad fa-thumbs-up\"><\/i><\/div><div class=\"w-iconbox-meta\"><\/div><\/div><div class=\"wpb_text_column\"><div class=\"wpb_wrapper\"><h3 class=\"title has-icon-title\">Archivierung so einfach wie das Senden einer E-Mail<\/h3>\n<div class=\"description \">\n<p>Lassen Sie sich wie gewohnt elektronische Rechnungen Ihrer Lieferanten per E-Mail senden und geben Sie dabei die E-Mail-Adresse Ihres pers\u00f6nlichen Archivs an. So gelangen Ihre elektronischen Rechnungen automatisch in Ihr Archiv. Nat\u00fcrlich k\u00f6nnen Sie auch selbst Dokumente per E-Mail an Ihr Archiv schicken, wir bewahren die E-Mail samt aller Anh\u00e4nge in unserem <a href=\"\/ueber-uns\/#edRechenzentrumDe\" target=\"_self\" rel=\"noopener\">Hochleistungsrechenzentrum<\/a> f\u00fcr Sie auf \u2013 so lange, Sie wollen.<br \/>\nIhre archivierten Daten k\u00f6nnen Sie jederzeit komfortabel \u00fcber eine verschl\u00fcsselte Internet-Verbindung abrufen.<br \/>\nKeine weitere Software-Installation notwendig &#8211; einfacher geht\u00b4s nicht!<\/p>\n<ul>\n<li>Archivierung per E-Mail<\/li>\n<li>geringer Aufwand<\/li>\n<li>rund um die Uhr weltweiter Zugriff<\/li>\n<\/ul>\n<p>Sie wollen sensible Dokumente wie Ihre Bilanz nicht per E-Mail versenden? Kein Problem, nutzen Sie einfach die Upload-Funktion in Ihrem Archiv!<\/p>\n<\/div>\n<\/div><\/div><\/div><\/div><\/div><div class=\"vc_col-sm-4 wpb_column vc_column_container\"><div class=\"vc_column-inner us_custom_d77bca1a us_animate_this\"><div class=\"wpb_wrapper\"><div class=\"w-iconbox us_custom_0c0e47d8 iconpos_top style_default color_primary align_center no_text no_title\"><div class=\"w-iconbox-icon\" style=\"font-size:5rem;\"><i class=\"fad fa-shield-check\"><\/i><\/div><div class=\"w-iconbox-meta\"><\/div><\/div><div class=\"wpb_text_column\"><div class=\"wpb_wrapper\"><div class=\"description \">\n<h3 class=\"title has-icon-title\">So sicher wie in einem Tresor<\/h3>\n<div class=\"description \">\n<p>Ihre Daten werden mehrfach gespiegelt in unseren eigenen Rechenzentren in Deutschland archiviert und sind so garantiert gegen Verlust gesch\u00fctzt.<\/p>\n<p>Als IT-Unternehmen mit \u00fcber 50 Jahren Erfahrung in Europa, erf\u00fcllen wir selbstverst\u00e4ndlich die strengen europ\u00e4ischen Datenschutzgesetze.<br \/>\nDurch Ma\u00dfnahmen wie Brandfr\u00fcherkennung mit vollautomatischer Stickstoffl\u00f6schanlage, alarmgesicherte Geb\u00e4ude\u00fcberwachung, redundante Klimatisierung, Notstromversorgung mit Dieselgeneratoren und 24-Stunden-\u00dcberwachung von Hard- und Software sind Ihre Daten bei uns so sicher, wie in einem Tresor!<br \/>\nSelbstverst\u00e4ndlich erf\u00fcllt edmail2archive dabei alle gesetzlichen Bestimmungen f\u00fcr die revisionssichere elektronische Langzeitarchivierung.<\/p>\n<div id=\"shield\">\n<ul>\n<li>Garantiert und sicher f\u00fcr die gesetzliche Aufbewahrungsdauer oder auch l\u00e4nger<\/li>\n<li>Redundante Speicherung im Hochleistungs-Rechenzentrum<\/li>\n<li>Daten bleiben in Europa<\/li>\n<\/ul>\n<\/div>\n<\/div>\n<\/div>\n<\/div><\/div><\/div><\/div><\/div><div class=\"vc_col-sm-4 wpb_column vc_column_container\"><div class=\"vc_column-inner us_custom_ba870b58 us_animate_this\"><div class=\"wpb_wrapper\"><div class=\"w-iconbox us_custom_0c0e47d8 iconpos_top style_default color_primary align_center no_text no_title\"><div class=\"w-iconbox-icon\" style=\"font-size:5rem;\"><i class=\"fad fa-piggy-bank\"><\/i><\/div><div class=\"w-iconbox-meta\"><\/div><\/div><div class=\"wpb_text_column\"><div class=\"wpb_wrapper\"><h3 class=\"title has-icon-title\">Kosteng\u00fcnstige Archivierungsl\u00f6sung<\/h3>\n<div class=\"description \">\n<p>F\u00fcr <strong>edmail2archive<\/strong> ben\u00f6tigen Sie keine weitere Hard- oder Software, teure Anschaffungskosten entfallen.<\/p>\n<p>Verzichten Sie auf das Ausdrucken, Ablegen und physische Aufbewahren Ihrer wichtigen Dokumente \u2013 das senkt die Gesamtkosten und bringt mehr Zeit f\u00fcr anderes.<\/p>\n<p>Auch das sekundenschnelle Auffinden und Abrufen Ihrer archivierten Dokumente spart Ihnen Zeit, Nerven und Geld.<\/p>\n<p>Die Gewissheit, Ihre dringend ben\u00f6tigten Dokumente in einem Notfall jederzeit weltweit abrufen zu k\u00f6nnen, ist sicherlich unbezahlbar.<\/p>\n<\/div>\n<\/div><\/div><\/div><\/div><\/div><\/div><\/div><\/section><section class=\"l-section wpb_row height_medium\"><div class=\"l-section-h i-cf\"><div class=\"g-cols vc_row via_flex valign_top type_default stacking_default\"><div class=\"vc_col-sm-4 wpb_column vc_column_container\"><div class=\"vc_column-inner\"><div class=\"wpb_wrapper\"><div class=\"wpb_text_column\"><div class=\"wpb_wrapper\"><h4 class=\"title \">Kontakt<\/h4>\n<\/div><\/div><div class=\"w-hwrapper valign_top align_none\" style=\"--hwrapper-gap:1.2rem\"><div class=\"w-iconbox iconpos_top style_default color_primary align_center no_text no_title\"><div class=\"w-iconbox-icon\" style=\"font-size:2rem;\"><i class=\"fal fa-envelope\"><\/i><\/div><div class=\"w-iconbox-meta\"><\/div><\/div><div class=\"w-text\"><a href=\"mailto:archiv-backup@eurodata.co.at\" class=\"w-text-h\"><span class=\"w-text-value\">archiv-backup@eurodata.co.at<\/span><\/a><\/div><\/div><\/div><\/div><\/div><div class=\"vc_col-sm-4 wpb_column vc_column_container\"><div class=\"vc_column-inner\"><div class=\"wpb_wrapper\"><\/div><\/div><\/div><div class=\"vc_col-sm-4 wpb_column vc_column_container\"><div class=\"vc_column-inner\"><div class=\"wpb_wrapper\"><\/div><\/div><\/div><\/div><\/div><\/section>\n","protected":false},"excerpt":{"rendered":"edmail2archive &#8211; die elektronische Archivierung per E-Mail Info anfordernSie wollen mehr erfahren? Dann nehmen Sie gleich hier Kontakt mit uns auf. Firma: * Name, Vorname: * E-Mail-Adresse: Telefonnummer zur R\u00fccksprache: Ihre Nachricht an uns: Ich bin mit der Speicherung meiner Daten einverstanden. Die eurodata GmbH versichert, die Daten entsprechend den datenschutzrechtlichen Bestimmungen vertraulich zu behandeln....","protected":false},"author":5,"featured_media":0,"parent":145,"menu_order":0,"comment_status":"closed","ping_status":"closed","template":"","meta":{"footnotes":""},"class_list":["post-147","page","type-page","status-publish","hentry"],"distributor_meta":false,"distributor_terms":false,"distributor_media":false,"distributor_original_site_name":"eurodata GmbH \u00d6sterreich","distributor_original_site_url":"https:\/\/www.eurodata.co.at\/de\/","push-errors":false,"_links":{"self":[{"href":"https:\/\/www.eurodata.co.at\/de\/wp-json\/wp\/v2\/pages\/147","targetHints":{"allow":["GET"]}}],"collection":[{"href":"https:\/\/www.eurodata.co.at\/de\/wp-json\/wp\/v2\/pages"}],"about":[{"href":"https:\/\/www.eurodata.co.at\/de\/wp-json\/wp\/v2\/types\/page"}],"author":[{"embeddable":true,"href":"https:\/\/www.eurodata.co.at\/de\/wp-json\/wp\/v2\/users\/5"}],"replies":[{"embeddable":true,"href":"https:\/\/www.eurodata.co.at\/de\/wp-json\/wp\/v2\/comments?post=147"}],"version-history":[{"count":0,"href":"https:\/\/www.eurodata.co.at\/de\/wp-json\/wp\/v2\/pages\/147\/revisions"}],"up":[{"embeddable":true,"href":"https:\/\/www.eurodata.co.at\/de\/wp-json\/wp\/v2\/pages\/145"}],"wp:attachment":[{"href":"https:\/\/www.eurodata.co.at\/de\/wp-json\/wp\/v2\/media?parent=147"}],"curies":[{"name":"wp","href":"https:\/\/api.w.org\/{rel}","templated":true}]}}