{"id":145,"date":"2022-12-22T08:18:46","date_gmt":"2022-12-22T07:18:46","guid":{"rendered":"https:\/\/www.eurodata.co.at\/?page_id=145"},"modified":"2025-08-14T16:26:19","modified_gmt":"2025-08-14T14:26:19","slug":"archivierung-und-datensicherung","status":"publish","type":"page","link":"https:\/\/www.eurodata.co.at\/de\/archivierung-und-datensicherung\/","title":{"rendered":"Digitale Archivierung und Datensicherung"},"content":{"rendered":"<section class=\"l-section wpb_row us_custom_621e142c has_text_color height_medium\"><div class=\"l-section-h i-cf\"><div class=\"g-cols vc_row via_flex valign_top type_default stacking_default\"><div class=\"vc_col-sm-9 wpb_column vc_column_container\"><div class=\"vc_column-inner\"><div class=\"wpb_wrapper\"><div class=\"wpb_text_column us_custom_6df4bc3a has_text_color\"><div class=\"wpb_wrapper\"><h1 class=\"pane-title\">Digitale Archivierung und Datensicherung \u2013 einfach und kosteng\u00fcnstig<\/h1>\n<\/div><\/div><\/div><\/div><\/div><div class=\"vc_col-sm-3 wpb_column vc_column_container\"><div class=\"vc_column-inner\"><div class=\"wpb_wrapper\"><\/div><\/div><\/div><\/div><\/div><\/section><section class=\"l-section wpb_row us_custom_4fb9e5a3 height_medium\"><div class=\"l-section-h i-cf\"><div class=\"g-cols vc_row via_flex valign_top type_default stacking_default\"><div class=\"vc_col-sm-12 wpb_column vc_column_container\"><div class=\"vc_column-inner\"><div class=\"wpb_wrapper\"><div class=\"wpb_text_column\"><div class=\"wpb_wrapper\"><h2>Effiziente L\u00f6sungen zur revisionssicheren Langzeitarchivierung und vollautomatisierten Sicherung Ihrer unternehmenskritischen Daten<\/h2>\n<\/div><\/div><div class=\"g-cols wpb_row via_flex valign_top type_default stacking_default\"><div class=\"vc_col-sm-6 wpb_column vc_column_container\"><div class=\"vc_column-inner\"><div class=\"wpb_wrapper\"><div class=\"wpb_text_column\"><div class=\"wpb_wrapper\"><p>Egal ob es um die revisionssichere Langzeitarchivierung Ihrer wichtigen Gesch\u00e4ftsdokumente (z.B. Buchhaltungsbelege, Vertr\u00e4ge, usw.) geht oder ob Sie eine vollautomatisierte Au\u00dfer-Haus-Sicherung Ihrer unternehmenskritischen Daten ben\u00f6tigen \u2013 eurodata bietet die passenden L\u00f6sungen.<\/p>\n<\/div><\/div><\/div><\/div><\/div><div class=\"vc_col-sm-6 wpb_column vc_column_container\"><div class=\"vc_column-inner\"><div class=\"wpb_wrapper\"><div class=\"wpb_text_column\"><div class=\"wpb_wrapper\"><p>Ihre Daten liegen sicher im eurodata Hochleistungsrechenzentrum in Saarbr\u00fccken, Deutschland.<\/p>\n<\/div><\/div><\/div><\/div><\/div><\/div><\/div><\/div><\/div><\/div><\/div><\/section><section class=\"l-section wpb_row us_custom_0fa8ae89 height_medium with_shape\"><div class=\"l-section-shape type_tilt pos_bottom on_front\" style=\"height:5vh;color:#ffffff\"><svg xmlns=\"http:\/\/www.w3.org\/2000\/svg\" viewBox=\"0 0 64 8\" preserveAspectRatio=\"none\" width=\"100%\" height=\"100%\">\r\n\t<path fill=\"currentColor\" d=\"M64 7.9 L64 10 L0 10 L0 0 Z\"\/>\r\n<\/svg><\/div><div class=\"l-section-h i-cf\"><div class=\"g-cols vc_row via_flex valign_top type_default stacking_default\"><div class=\"vc_col-sm-6 wpb_column vc_column_container\"><div class=\"vc_column-inner us_custom_561a6167 us_animate_this\"><div class=\"wpb_wrapper\"><div class=\"w-hwrapper hide_on_default hide_on_laptops valign_middle align_center\" style=\"--hwrapper-gap:1.20rem\"><div class=\"w-iconbox iconpos_top style_default color_custom align_center no_text no_title\"><div class=\"w-iconbox-icon\" style=\"font-size:5rem;--icon-color:#87c3be;\"><i class=\"fad fa-envelope\"><\/i><\/div><div class=\"w-iconbox-meta\"><\/div><\/div><\/div><div class=\"wpb_text_column us_custom_08a89dba\"><div class=\"wpb_wrapper\"><h3>edmail2archive &#8211; Ihr pers\u00f6nlicher Online-Tresor<\/h3>\n<p>Rechtssichere Langzeitarchivierung Ihrer elektronischen Rechnungen und wichtiger Dokumente \u2013 ganz ohne eigene Hard- und Software.<br \/>\nArchivierung einfach, sicher und kosteng\u00fcnstig<\/p>\n<\/div><\/div><div class=\"w-btn-wrapper align_center\"><a class=\"w-btn us-btn-style_1\" title=\"email2archive\" href=\"\/archivierung-und-datensicherung\/edmail2archive\/\"><span class=\"w-btn-label\">Mehr erfahren<\/span><\/a><\/div><\/div><\/div><\/div><div class=\"vc_col-sm-6 wpb_column vc_column_container  hide_on_tablets hide_on_mobiles\"><div class=\"vc_column-inner us_custom_ba870b58 us_animate_this\"><div class=\"wpb_wrapper\"><div class=\"w-image align_none\"><div class=\"w-image-h\"><img decoding=\"async\" width=\"562\" height=\"290\" src=\"https:\/\/www.eurodata.co.at\/wp-content\/uploads\/sites\/6\/2023\/01\/Fotolia_105283692_L_Urheber_vege_560x290.jpg\" class=\"attachment-large size-large\" alt=\"\" loading=\"lazy\" srcset=\"https:\/\/www.eurodata.co.at\/wp-content\/uploads\/sites\/6\/2023\/01\/Fotolia_105283692_L_Urheber_vege_560x290.jpg 562w, https:\/\/www.eurodata.co.at\/wp-content\/uploads\/sites\/6\/2023\/01\/Fotolia_105283692_L_Urheber_vege_560x290-300x155.jpg 300w\" sizes=\"auto, (max-width: 562px) 100vw, 562px\" \/><\/div><\/div><\/div><\/div><\/div><\/div><\/div><\/section><section class=\"l-section wpb_row us_custom_e4e9a216 height_medium\"><div class=\"l-section-h i-cf\"><div class=\"g-cols vc_row via_flex valign_top type_default stacking_default\"><div class=\"vc_col-sm-6 wpb_column vc_column_container  hide_on_tablets hide_on_mobiles\"><div class=\"vc_column-inner us_custom_6c21c073 us_animate_this\"><div class=\"wpb_wrapper\"><div class=\"w-image align_none\"><div class=\"w-image-h\"><img decoding=\"async\" width=\"561\" height=\"290\" src=\"https:\/\/www.eurodata.co.at\/wp-content\/uploads\/sites\/6\/2023\/01\/Fotolia_90130673_L_Urheber_BillionPhotos.com_560x290.jpg\" class=\"attachment-large size-large\" alt=\"\" loading=\"lazy\" srcset=\"https:\/\/www.eurodata.co.at\/wp-content\/uploads\/sites\/6\/2023\/01\/Fotolia_90130673_L_Urheber_BillionPhotos.com_560x290.jpg 561w, https:\/\/www.eurodata.co.at\/wp-content\/uploads\/sites\/6\/2023\/01\/Fotolia_90130673_L_Urheber_BillionPhotos.com_560x290-300x155.jpg 300w\" sizes=\"auto, (max-width: 561px) 100vw, 561px\" \/><\/div><\/div><\/div><\/div><\/div><div class=\"vc_col-sm-6 wpb_column vc_column_container\"><div class=\"vc_column-inner us_custom_ba870b58 us_animate_this\"><div class=\"wpb_wrapper\"><div class=\"w-hwrapper hide_on_default hide_on_laptops valign_middle align_center\" style=\"--hwrapper-gap:1.20rem\"><div class=\"w-iconbox iconpos_top style_default color_custom align_center no_text no_title\"><div class=\"w-iconbox-icon\" style=\"font-size:5rem;--icon-color:#87c3be;\"><i class=\"fad fa-cloud\"><\/i><\/div><div class=\"w-iconbox-meta\"><\/div><\/div><\/div><div class=\"wpb_text_column us_custom_08a89dba\"><div class=\"wpb_wrapper\"><h3>edbackup &#8211; Online Datensicherung<\/h3>\n<p>Sorgenfrei dank vollautomatisierter externer Sicherung Ihrer unternehmenskritischen Daten. Egal ob Server, Notebook oder Kassen-PC.<\/p>\n<\/div><\/div><div class=\"w-btn-wrapper align_center\"><a class=\"w-btn us-btn-style_1\" title=\"edbackup \u2013 der optimale Schutz vor Datenverlust\" href=\"\/archivierung-und-datensicherung\/edbackup\"><span class=\"w-btn-label\">Mehr erfahren<\/span><\/a><\/div><\/div><\/div><\/div><\/div><\/div><\/section>\n","protected":false},"excerpt":{"rendered":"Digitale Archivierung und Datensicherung \u2013 einfach und kosteng\u00fcnstig Effiziente L\u00f6sungen zur revisionssicheren Langzeitarchivierung und vollautomatisierten Sicherung Ihrer unternehmenskritischen Daten Egal ob es um die revisionssichere Langzeitarchivierung Ihrer wichtigen Gesch\u00e4ftsdokumente (z.B. Buchhaltungsbelege, Vertr\u00e4ge, usw.) geht oder ob Sie eine vollautomatisierte Au\u00dfer-Haus-Sicherung Ihrer unternehmenskritischen Daten ben\u00f6tigen \u2013 eurodata bietet die passenden L\u00f6sungen. Ihre Daten liegen sicher im...","protected":false},"author":5,"featured_media":0,"parent":0,"menu_order":0,"comment_status":"closed","ping_status":"closed","template":"","meta":{"footnotes":""},"class_list":["post-145","page","type-page","status-publish","hentry"],"distributor_meta":false,"distributor_terms":false,"distributor_media":false,"distributor_original_site_name":"eurodata GmbH \u00d6sterreich","distributor_original_site_url":"https:\/\/www.eurodata.co.at\/de\/","push-errors":false,"_links":{"self":[{"href":"https:\/\/www.eurodata.co.at\/de\/wp-json\/wp\/v2\/pages\/145","targetHints":{"allow":["GET"]}}],"collection":[{"href":"https:\/\/www.eurodata.co.at\/de\/wp-json\/wp\/v2\/pages"}],"about":[{"href":"https:\/\/www.eurodata.co.at\/de\/wp-json\/wp\/v2\/types\/page"}],"author":[{"embeddable":true,"href":"https:\/\/www.eurodata.co.at\/de\/wp-json\/wp\/v2\/users\/5"}],"replies":[{"embeddable":true,"href":"https:\/\/www.eurodata.co.at\/de\/wp-json\/wp\/v2\/comments?post=145"}],"version-history":[{"count":1,"href":"https:\/\/www.eurodata.co.at\/de\/wp-json\/wp\/v2\/pages\/145\/revisions"}],"predecessor-version":[{"id":7600,"href":"https:\/\/www.eurodata.co.at\/de\/wp-json\/wp\/v2\/pages\/145\/revisions\/7600"}],"wp:attachment":[{"href":"https:\/\/www.eurodata.co.at\/de\/wp-json\/wp\/v2\/media?parent=145"}],"curies":[{"name":"wp","href":"https:\/\/api.w.org\/{rel}","templated":true}]}}