{"id":760,"date":"2022-12-22T08:18:10","date_gmt":"2022-12-22T07:18:10","guid":{"rendered":"https:\/\/www.eurodata.co.at\/edtas-kontrolni-a-reportni-system-pro-cerpaci-stanice\/"},"modified":"2023-10-24T10:46:34","modified_gmt":"2023-10-24T08:46:34","slug":"edtas-kontrolni-a-reportni-system-pro-cerpaci-stanice","status":"publish","type":"page","link":"https:\/\/www.eurodata.co.at\/cz\/edtas-kontrolni-a-reportni-system-pro-cerpaci-stanice\/","title":{"rendered":"edtas \u2013 Kontroln\u00ed a reportn\u00ed syst\u00e9m pro \u010derpac\u00ed stanice"},"content":{"rendered":"<section class=\"l-section wpb_row us_custom_621e142c has_text_color height_medium\"><div class=\"l-section-h i-cf\"><div class=\"g-cols vc_row via_flex valign_top type_default stacking_default\"><div class=\"vc_col-sm-9 wpb_column vc_column_container\"><div class=\"vc_column-inner\"><div class=\"wpb_wrapper\"><div class=\"wpb_text_column us_custom_6df4bc3a has_text_color\"><div class=\"wpb_wrapper\"><h1 class=\"page-title\"><b>edtas<\/b> \u2013 Kontroln\u00ed a reportn\u00ed syst\u00e9m pro \u010derpac\u00ed stanice<\/h1>\n<\/div><\/div><div class=\"w-popup w-btn-wrapper align_none\"><button class=\"w-popup-trigger type_btn w-btn us-btn-style_6\" aria-label=\"Zjistit v\u00edce\" type=\"button\"><span class=\"w-btn-label\">Zjistit v\u00edce<\/span><\/button><div class=\"w-popup-overlay\" style=\"background:rgba(0,0,0,0.85);\"><\/div><div class=\"w-popup-wrap layout_default\" role=\"dialog\" aria-modal=\"true\" aria-label=\"Vyskakovac\u00ed okno\" style=\"--title-color:var(--color-content-heading);--title-bg-color:var(--color-content-bg-alt);--content-color:var(--color-content-text);--content-bg-color:var(--color-content-bg);--popup-width:600px;--popup-padding:5%;\"><button aria-label=\"Zav\u0159\u00edt\" class=\"w-popup-closer\" type=\"button\"><\/button><div class=\"w-popup-box animation_fadeIn closerpos_outside without_title\"><div class=\"w-popup-box-h\"><div class=\"w-popup-box-content\"><section class=\"l-section wpb_row us_custom_e6b22bd8 height_medium\"><div class=\"l-section-h i-cf\"><div class=\"g-cols vc_row via_flex valign_top type_default stacking_default\"><div class=\"vc_col-sm-12 wpb_column vc_column_container\"><div class=\"vc_column-inner\"><div class=\"wpb_wrapper\"><div class=\"g-cols wpb_row us_custom_2f781ae3 via_flex valign_top type_default stacking_default\"><div class=\"vc_col-sm-12 wpb_column vc_column_container\"><div class=\"vc_column-inner\"><div class=\"wpb_wrapper\"><div class=\"wpb_text_column us_custom_eb849559\"><div class=\"wpb_wrapper\"><h2 class=\"title\">Chcete se dozv\u011bd\u011bt v\u00edce?<\/h2>\n<div class=\"title\">Kontaktujte n\u00e1s prost\u0159ednictv\u00edm n\u00e1sleduj\u00edc\u00edho formul\u00e1\u0159e.<\/div>\n<\/div><\/div><\/div><\/div><\/div><\/div><div class=\"g-cols wpb_row us_custom_adaa8e22 edBewerbungPopup via_flex valign_top type_default stacking_default\"><div class=\"vc_col-sm-12 wpb_column vc_column_container\"><div class=\"vc_column-inner\"><div class=\"wpb_wrapper\">\n<div class=\"wpcf7 no-js\" id=\"wpcf7-f2150-o1\" lang=\"de-DE\" dir=\"ltr\" data-wpcf7-id=\"2150\">\n<div class=\"screen-reader-response\"><p role=\"status\" aria-live=\"polite\" aria-atomic=\"true\"><\/p> <ul><\/ul><\/div>\n<form action=\"\/cz\/wp-json\/wp\/v2\/pages\/760#wpcf7-f2150-o1\" method=\"post\" class=\"wpcf7-form init\" aria-label=\"Kontaktformular\" novalidate=\"novalidate\" data-status=\"init\">\n<fieldset class=\"hidden-fields-container\"><input type=\"hidden\" name=\"_wpcf7\" value=\"2150\" \/><input type=\"hidden\" name=\"_wpcf7_version\" value=\"6.1.5\" \/><input type=\"hidden\" name=\"_wpcf7_locale\" value=\"de_DE\" \/><input type=\"hidden\" name=\"_wpcf7_unit_tag\" value=\"wpcf7-f2150-o1\" \/><input type=\"hidden\" name=\"_wpcf7_container_post\" value=\"0\" \/><input type=\"hidden\" name=\"_wpcf7_posted_data_hash\" value=\"\" \/>\n<\/fieldset>\n<p><span class=\"wpcf7-form-control-wrap\" data-name=\"us_form_1_text_2\"><input size=\"40\" maxlength=\"400\" class=\"wpcf7-form-control wpcf7-text edFormInputHonig\" aria-invalid=\"false\" value=\"\" type=\"text\" name=\"us_form_1_text_2\" \/><\/span>\n<\/p>\n<p><label> Spole\u010dnost:<br \/>\n<span class=\"wpcf7-form-control-wrap\" data-name=\"company-name\"><input size=\"40\" maxlength=\"400\" class=\"wpcf7-form-control wpcf7-text edInfoPopup\" aria-invalid=\"false\" value=\"\" type=\"text\" name=\"company-name\" \/><\/span> <\/label>\n<\/p>\n<p><label> * P\u0159\u00edjmen\u00ed, Jm\u00e9no:<br \/>\n<span class=\"wpcf7-form-control-wrap\" data-name=\"your-name\"><input size=\"40\" maxlength=\"400\" class=\"wpcf7-form-control wpcf7-text wpcf7-validates-as-required edInfoPopup\" aria-required=\"true\" aria-invalid=\"false\" value=\"\" type=\"text\" name=\"your-name\" \/><\/span> <\/label>\n<\/p>\n<p><label> * Email:<br \/>\n<span class=\"wpcf7-form-control-wrap\" data-name=\"your-email\"><input size=\"40\" maxlength=\"400\" class=\"wpcf7-form-control wpcf7-email wpcf7-validates-as-required wpcf7-text wpcf7-validates-as-email edInfoPopup\" aria-required=\"true\" aria-invalid=\"false\" value=\"\" type=\"email\" name=\"your-email\" \/><\/span> <\/label>\n<\/p>\n<p><label> Telefon:<br \/>\n<span class=\"wpcf7-form-control-wrap\" data-name=\"your-tel\"><input size=\"40\" maxlength=\"400\" class=\"wpcf7-form-control wpcf7-tel wpcf7-text wpcf7-validates-as-tel edInfoPopup\" aria-invalid=\"false\" value=\"\" type=\"tel\" name=\"your-tel\" \/><\/span> <\/label>\n<\/p>\n<p><label> Text zpr\u00e1vy:<br \/>\n<span class=\"wpcf7-form-control-wrap\" data-name=\"your-message\"><textarea cols=\"40\" rows=\"10\" maxlength=\"2000\" class=\"wpcf7-form-control wpcf7-textarea edInfoPopup\" aria-invalid=\"false\" name=\"your-message\"><\/textarea><\/span> <\/label>\n<\/p>\n<p><span class=\"wpcf7-form-control-wrap\" data-name=\"acceptance-your-consent\"><span class=\"wpcf7-form-control wpcf7-acceptance\"><span class=\"wpcf7-list-item\"><label><input type=\"checkbox\" name=\"acceptance-your-consent\" value=\"1\" class=\"edInfoPopup\" aria-invalid=\"false\" \/><span class=\"wpcf7-list-item-label\">Souhlas\u00edm s ulo\u017een\u00edm m\u00fdch \u00fadaj\u016f. eurodata GmbH zaru\u010duje, \u017ee s daty bude nakl\u00e1d\u00e1no v souladu se z\u00e1konem o ochran\u011b osobn\u00edch \u00fadaj\u016f.*<\/span><\/label><\/span><\/span><\/span>\n<\/p>\n<p><span class=\"wpcf7-form-control-wrap\" data-name=\"checkbox-adConsent\"><span class=\"wpcf7-form-control wpcf7-checkbox edInfoPopup\"><span class=\"wpcf7-list-item first last\"><input type=\"checkbox\" name=\"checkbox-adConsent[]\" value=\"Souhlas\u00edm se zas\u00edl\u00e1n\u00edm informa\u010dn\u00edch email\u016f o slu\u017eb\u00e1ch a produktech spole\u010dnosti eurodata na v\u00fd\u0161e uveden\u00fd email.**\" \/><span class=\"wpcf7-list-item-label\">Souhlas\u00edm se zas\u00edl\u00e1n\u00edm informa\u010dn\u00edch email\u016f o slu\u017eb\u00e1ch a produktech spole\u010dnosti eurodata na v\u00fd\u0161e uveden\u00fd email.**<\/span><\/span><\/span><\/span>\n<\/p>\n<p>* Povinn\u00e9 pole<br \/>\n** Jsem opr\u00e1vn\u011bn kdykoliv sv\u016fj souhlas poskytnut\u00fd spole\u010dnosti eurodata GmbH zcela nebo \u010d\u00e1ste\u010dn\u011b odvolat a po\u017e\u00e1dat o smaz\u00e1n\u00ed m\u00fdch osobn\u00edch \u00fadaj\u016f. Informace t\u00fdkaj\u00edc\u00ed se zpracov\u00e1n\u00ed va\u0161ich osobn\u00edch \u00fadaj\u016f naleznete sekci <a href=\"\/cz\/datenschutz\" target=\"_blank\">Ochrana dat<\/a>. Va\u0161e emailov\u00e1 adresa bude pou\u017eita pouze pro \u00fa\u010dely vy\u0159\u00edzen\u00ed va\u0161\u00ed \u017e\u00e1dosti.\n<\/p>\n<p><label>Vy\u0159e\u0161te n\u00e1sleduj\u00edc\u00ed \u00fakol a potvr\u010fte tak, \u017ee nejste robot:<br \/>\n<span class=\"wpcf7-form-control-wrap\" data-name=\"quiz-807\"><label><span class=\"wpcf7-quiz-label\">11 + 12 =<\/span> <input size=\"40\" class=\"wpcf7-form-control wpcf7-quiz edInfoPopup\" autocomplete=\"off\" aria-required=\"true\" aria-invalid=\"false\" type=\"text\" name=\"quiz-807\" \/><\/label><input type=\"hidden\" name=\"_wpcf7_quiz_answer_quiz-807\" value=\"910d7fcf7be36945d2d124c1a1072b65\" \/><\/span><\/label>\n<\/p>\n<p><input class=\"wpcf7-form-control wpcf7-submit has-spinner edInfoPopupSubmit\" type=\"submit\" value=\"Odelsat zpr\u00e1vu\" \/>\n<\/p><div class=\"wpcf7-response-output\" aria-hidden=\"true\"><\/div>\n<\/form>\n<\/div>\n<\/div><\/div><\/div><\/div><\/div><\/div><\/div><\/div><\/div><\/section>\n<\/div><\/div><\/div><\/div><\/div><\/div><\/div><\/div><div class=\"vc_col-sm-3 wpb_column vc_column_container\"><div class=\"vc_column-inner\"><div class=\"wpb_wrapper\"><\/div><\/div><\/div><\/div><\/div><\/section><section class=\"l-section wpb_row us_custom_2c56f36e edList height_medium\"><div class=\"l-section-h i-cf\"><div class=\"g-cols vc_row via_flex valign_top type_default stacking_default\"><div class=\"vc_col-sm-12 wpb_column vc_column_container\"><div class=\"vc_column-inner us_custom_6c21c073 us_animate_this\"><div class=\"wpb_wrapper\"><div class=\"g-cols wpb_row us_custom_46e20c18 via_flex valign_top type_default stacking_default\"><div class=\"vc_col-sm-3 wpb_column vc_column_container\"><div class=\"vc_column-inner\"><div class=\"wpb_wrapper\"><\/div><\/div><\/div><div class=\"vc_col-sm-6 wpb_column vc_column_container\"><div class=\"vc_column-inner\"><div class=\"wpb_wrapper\"><div class=\"wpb_text_column us_custom_bda6917a\"><div class=\"wpb_wrapper\"><div class=\"panel-pane pane-node \">\n<div class=\"pane-content\">\n<div class=\"contentbox \">\n<div id=\"OptimalebetriebswirtschaftlicheAuswertungenundVergleichemit&lt;b&gt;edfis&lt;\/b&gt;\" class=\"col-1 box contentbox-item \">\n<div class=\"contentbox-content\">\n<h2 class=\"title \">Kontroln\u00ed a reportn\u00ed syst\u00e9m <b>edtas<\/b> \u2013 perfektn\u00ed p\u0159ehled o Va\u0161em podnik\u00e1n\u00ed<\/h2>\n<\/div>\n<\/div>\n<\/div>\n<\/div>\n<\/div>\n<\/div><\/div><\/div><\/div><\/div><div class=\"vc_col-sm-3 wpb_column vc_column_container\"><div class=\"vc_column-inner\"><div class=\"wpb_wrapper\"><\/div><\/div><\/div><\/div><div class=\"g-cols wpb_row via_flex valign_top type_default stacking_default\"><div class=\"vc_col-sm-6 wpb_column vc_column_container\"><div class=\"vc_column-inner\"><div class=\"wpb_wrapper\"><div class=\"wpb_text_column\"><div class=\"wpb_wrapper\"><div class=\"panel-pane pane-node \">\n<div class=\"pane-content\">\n<div class=\"contentbox \">\n<div id=\"OptimalebetriebswirtschaftlicheAuswertungenundVergleichemit&lt;b&gt;edfis&lt;\/b&gt;\" class=\"col-1 box contentbox-item \">\n<div class=\"contentbox-content\">\n<div class=\"description \">\n<p>Kontroln\u00ed a reportn\u00ed syst\u00e9m edtas je speci\u00e1ln\u011b vyvinut\u00fd pro obor \u010derpac\u00edch stanic. Provozovatel\u016fm \u010derpac\u00edch stanic p\u0159in\u00e1\u0161\u00ed nad r\u00e1mec povinn\u00e9ho veden\u00ed \u00fa\u010detnictv\u00ed m\u011bs\u00ed\u010dn\u00ed ekonomick\u00e9 reporty (hospod\u00e1\u0159sk\u00e9 anal\u00fdzy), kter\u00e9 mapuj\u00ed v\u00fdvoj jejich podnik\u00e1n\u00ed v p\u0159ehledn\u00e9 a srozumiteln\u00e9 form\u011b.<br \/>\nD\u00edky syst\u00e9mu edtas dosahuj\u00ed podnikatel\u00e9 lep\u0161\u00edch hospod\u00e1\u0159sk\u00fdch v\u00fdsledk\u016f, proto\u017ee maj\u00ed v\u00edce \u010dasu na samotn\u00fd provoz \u010derpac\u00ed stanice.<\/p>\n<\/div>\n<\/div>\n<\/div>\n<\/div>\n<\/div>\n<\/div>\n<\/div><\/div><\/div><\/div><\/div><div class=\"vc_col-sm-6 wpb_column vc_column_container\"><div class=\"vc_column-inner\"><div class=\"wpb_wrapper\"><div class=\"wpb_text_column\"><div class=\"wpb_wrapper\"><div class=\"panel-pane pane-node \">\n<div class=\"pane-content\">\n<div class=\"contentbox \">\n<div id=\"OptimalebetriebswirtschaftlicheAuswertungenundVergleichemit&lt;b&gt;edfis&lt;\/b&gt;\" class=\"col-1 box contentbox-item \">\n<div class=\"contentbox-content\">\n<div class=\"description \">\n<p>M\u011bs\u00ed\u010dn\u00ed hospod\u00e1\u0159sk\u00e9 anal\u00fdzy nab\u00edz\u00ed snadn\u00e9 a rychl\u00e9 zhodnocen\u00ed ekonomick\u00e9ho v\u00fdvoje a vedou k rozvoji podnikatelsk\u00e9ho ducha a obchodn\u00edch strategi\u00ed. Doch\u00e1z\u00ed ke v\u010dasn\u00e9mu odhalen\u00ed slab\u00fdch m\u00edst, co\u017e umo\u017e\u0148uje jejich okam\u017eitou n\u00e1pravu.<br \/>\nJi\u017e n\u011bkolik desetilet\u00ed je edtas jedni\u010dkou na evropsk\u00e9m trhu.<br \/>\nVyu\u017e\u00edv\u00e1 ho okolo 10 000 \u010derpac\u00edch stanic, z toho asi 900 v Rakousku a t\u00e9m\u011b\u0159 500 v \u010cesk\u00e9 republice.<\/p>\n<\/div>\n<\/div>\n<\/div>\n<\/div>\n<\/div>\n<\/div>\n<\/div><\/div><\/div><\/div><\/div><\/div><\/div><\/div><\/div><\/div><\/div><\/section><section class=\"l-section wpb_row us_custom_4b664825 edList height_medium with_shape\"><div class=\"l-section-shape type_tilt pos_bottom\" style=\"height:7vh;color:#ffffff\"><svg xmlns=\"http:\/\/www.w3.org\/2000\/svg\" viewBox=\"0 0 64 8\" preserveAspectRatio=\"none\" width=\"100%\" height=\"100%\">\r\n\t<path fill=\"currentColor\" d=\"M64 7.9 L64 10 L0 10 L0 0 Z\"\/>\r\n<\/svg><\/div><div class=\"l-section-h i-cf\"><div class=\"g-cols vc_row via_flex valign_top type_default stacking_default\"><div class=\"vc_col-sm-12 wpb_column vc_column_container\"><div class=\"vc_column-inner us_custom_6c21c073 us_animate_this\"><div class=\"wpb_wrapper\"><\/div><\/div><\/div><\/div><\/div><\/section><section class=\"l-section wpb_row us_custom_9e765ce2 edList height_medium\"><div class=\"l-section-h i-cf\"><div class=\"g-cols vc_row via_flex valign_top type_default stacking_default\"><div class=\"vc_col-sm-4 wpb_column vc_column_container\"><div class=\"vc_column-inner us_custom_6c21c073 us_animate_this\"><div class=\"wpb_wrapper\"><div class=\"w-iconbox us_custom_4f24afa8 iconpos_top style_default color_primary align_center no_title\"><div class=\"w-iconbox-icon\" style=\"font-size:5rem;\"><i class=\"fad fa-stars\"><\/i><\/div><div class=\"w-iconbox-meta\"><div class=\"w-iconbox-text\"><\/div><\/div><\/div><div class=\"wpb_text_column\"><div class=\"wpb_wrapper\"><h3 class=\"title has-icon-title\">V\u00fdhody <b>edtas<\/b> pro provozovatele \u010derpac\u00edch stanic<\/h3>\n<div class=\"description \">\n<ul>\n<li>Podpora da\u0148ov\u00e9 kancel\u00e1\u0159e ze s\u00edt\u011b eurodata od prvn\u00edho dne: eurodata spolupracuje s\u00a0hustou s\u00edt\u00ed da\u0148ov\u00fdch kancel\u00e1\u0159\u00ed, kter\u00e9 jsou specializovan\u00e9 na veden\u00ed \u00fa\u010detnictv\u00ed pro \u010derpac\u00ed stanice a nab\u00edz\u00ed tak odpov\u00eddaj\u00edc\u00ed know-how. V\u00a0\u010cesk\u00e9 republice je V\u00e1m k\u00a0dispozici <a href=\"https:\/\/www.kodap.cz\" target=\"_blank\" rel=\"noopener\">skupina da\u0148ov\u00fdch kancel\u00e1\u0159\u00ed KODAP<\/a>, kter\u00e9 s\u00eddl\u00ed ve v\u00edce ne\u017e des\u00edtce \u010desk\u00fdch m\u011bst. Vyu\u017eit\u00edm slu\u017eeb n\u011bkter\u00e9 z\u00a0kancel\u00e1\u0159\u00ed KODAP v\u00a0r\u00e1mci syst\u00e9mu edtas z\u00edsk\u00e1te komfort v\u00fdrazn\u011b p\u0159esahuj\u00edc\u00ed slu\u017eby b\u011b\u017en\u00e9 \u00fa\u010detn\u00ed kancel\u00e1\u0159e a to za velmi p\u0159\u00edzniv\u00e9 ceny, kter\u00e9 co do kvality a z\u00e1b\u011bru nemaj\u00ed na \u010desk\u00e9m trhu konkurenci. \u00da\u010detnictv\u00ed pro \u010derpac\u00ed stanice je ve v\u0161ech kancel\u00e1\u0159\u00edch vedeno jednotn\u011b, co\u017e vytv\u00e1\u0159\u00ed \u0161irok\u00e9 mo\u017enosti srovn\u00e1n\u00ed.<\/li>\n<li>Da\u0148ov\u00e9 poradenstv\u00ed t\u00fdkaj\u00edc\u00ed se p\u0159edm\u011btu podnik\u00e1n\u00ed v\u00a0cen\u011b \u00fa\u010detnictv\u00ed<\/li>\n<li>Vysok\u00fd stupe\u0148 automatizace p\u0159i p\u0159ed\u00e1v\u00e1n\u00ed podklad\u016f, jejich zpracov\u00e1n\u00ed i vyhotoven\u00ed n\u00e1sledn\u00fdch report\u016f<\/li>\n<li>M\u011bs\u00ed\u010dn\u00ed p\u0159ehled o v\u00fdvoji tr\u017eeb a n\u00e1klad\u016f a jejich srovn\u00e1n\u00ed s\u00a0p\u0159edchoz\u00edm obdob\u00edm a obchodn\u00edm pl\u00e1nem v\u00a0jasn\u00e9 a srozumiteln\u00e9 podob\u011b<\/li>\n<li>Rychl\u00e9 odhalen\u00ed siln\u00fdch a slab\u00fdch m\u00edst d\u00edky pravideln\u00fdm report\u016fm<\/li>\n<li>\u00daspora \u010dasu str\u00e1ven\u00e9ho nad \u00fa\u010detn\u00edmi v\u00fdstupy, kter\u00fd lze v\u011bnovat \u0159\u00edzen\u00ed \u010derpac\u00ed stanice<\/li>\n<li>P\u0159ehled o aktu\u00e1ln\u00ed finan\u010dn\u00ed situaci jako z\u00e1klad pro rozhodov\u00e1n\u00ed o nov\u00fdch investic\u00edch<\/li>\n<li>Online port\u00e1l: v\u017edy aktu\u00e1ln\u00ed data p\u0159\u00edstupn\u00e1 prost\u0159ednictv\u00edm internetu na www.AnalyzaOnline.cz<\/li>\n<li>Jedine\u010dn\u00e9 anonymn\u00ed srovn\u00e1n\u00ed vlastn\u00ed \u010derpac\u00ed stanice s\u00a0podobn\u00fdmi \u010derpac\u00edmi stanicemi stejn\u00e9 zna\u010dky i dal\u0161\u00edch zna\u010dek zahrnut\u00fdch v\u00a0syst\u00e9mu<\/li>\n<li>Pracovn\u011bpr\u00e1vn\u00ed port\u00e1l Mujpersonal.cz se vzory smluv a dal\u0161\u00edch dokument\u016f<\/li>\n<\/ul>\n<\/div>\n<\/div><\/div><\/div><\/div><\/div><div class=\"vc_col-sm-4 wpb_column vc_column_container\"><div class=\"vc_column-inner us_custom_d77bca1a us_animate_this\"><div class=\"wpb_wrapper\"><div class=\"w-iconbox us_custom_0c0e47d8 iconpos_top style_default color_primary align_center no_text no_title\"><div class=\"w-iconbox-icon\" style=\"font-size:5rem;\"><i class=\"fad fa-user-headset\"><\/i><\/div><div class=\"w-iconbox-meta\"><\/div><\/div><div class=\"wpb_text_column\"><div class=\"wpb_wrapper\"><h3 class=\"title has-icon-title\">Kompletn\u00ed bal\u00ed\u010dek slu\u017eeb na m\u00edru \u010derpac\u00edm stanic\u00edm<\/h3>\n<div class=\"description \">\n<p>Kontroln\u00ed a reportn\u00ed syst\u00e9m edtas nab\u00edz\u00ed krom\u011b hospod\u00e1\u0159sk\u00fdch anal\u00fdz tak\u00e9 celou \u0161k\u00e1lu interaktivn\u00edch graf\u016f a diagram\u016f zn\u00e1zor\u0148uj\u00edc\u00edch hospod\u00e1\u0159skou situaci dan\u00e9 \u010derpac\u00ed stanice.<\/p>\n<p>Ekonomick\u00fd v\u00fdvoj lze sledovat dle libovoln\u011b nastaviteln\u00fdch parametr\u016f. Syst\u00e9m umo\u017e\u0148uje tvorbu vlastn\u00edch report\u016f obsahuj\u00edc\u00edch vybran\u00e9 ekonomick\u00e9 \u00fadaje za zvolen\u00e9 \u010derpac\u00ed stanice. Reporty lze stahovat, ukl\u00e1dat a d\u00e1le je upravovat, jejich \u0161ablony je mo\u017en\u00e9 ulo\u017eit pro budouc\u00ed vyu\u017eit\u00ed. Libovoln\u011b lze volit tak\u00e9 obdob\u00ed, za kter\u00e9 jsou reporty sestavov\u00e1ny, nap\u0159. i n\u011bkolik let nazp\u011bt.<\/p>\n<p>Provozovatel\u00e9 v\u00edce \u010derpac\u00edch stanic naleznou v\u00a0Anal\u00fdzeOnline rovn\u011b\u017e\u00a0souhrnnou anal\u00fdzu obsahuj\u00edc\u00ed \u00fadaje za v\u0161echny jejich \u010derpac\u00ed stanice. Velmi jednodu\u0161\u0161e tak zhodnot\u00ed v\u00fdvoj cel\u00e9ho jejich podnik\u00e1n\u00ed i nap\u0159. celkov\u00fd o\u010dek\u00e1van\u00fd hospod\u00e1\u0159sk\u00fd v\u00fdsledek.<\/p>\n<p>Na p\u0159\u00e1n\u00ed klienta zpracuje <strong>eurodata<\/strong> tak\u00e9 speci\u00e1ln\u00ed reporty dle konkr\u00e9tn\u00edho zad\u00e1n\u00ed.<\/p>\n<p>\u00da\u010detnictv\u00ed, da\u0148ov\u00e9 poradenstv\u00ed, srozumiteln\u00e9 reporty a dal\u0161\u00ed n\u00e1stroje syst\u00e9mu <strong>edtas<\/strong>: v\u0161e pro \u00fasp\u011b\u0161n\u00e9 \u0159\u00edzen\u00ed \u010derpac\u00ed stanice!<\/p>\n<\/div>\n<\/div><\/div><\/div><\/div><\/div><div class=\"vc_col-sm-4 wpb_column vc_column_container\"><div class=\"vc_column-inner us_custom_ba870b58 us_animate_this\"><div class=\"wpb_wrapper\"><div class=\"w-iconbox us_custom_0c0e47d8 iconpos_top style_default color_primary align_center no_text no_title\"><div class=\"w-iconbox-icon\" style=\"font-size:5rem;\"><i class=\"fad fa-gas-pump\"><\/i><\/div><div class=\"w-iconbox-meta\"><\/div><\/div><div class=\"wpb_text_column\"><div class=\"wpb_wrapper\"><div class=\"description \">\n<h3 class=\"title has-icon-title\">\u00da\u010dinn\u00e9 n\u00e1stroje pro \u0159\u00edzen\u00ed \u010derpac\u00ed stanice<\/h3>\n<div class=\"description \">\n<p>Hospod\u00e1\u0159sk\u00e1 anal\u00fdza 1<\/p>\n<ul>\n<li>Podrobn\u00fd v\u00fdpis tr\u017eeb a n\u00e1klad\u016f dle skupin relevantn\u00edch pro \u010derpac\u00ed stanice za konkr\u00e9tn\u00ed m\u011bs\u00edc i za cel\u00fd rok<\/li>\n<li>Hospod\u00e1\u0159sk\u00fd v\u00fdsledek (zisk\/ztr\u00e1ta)<\/li>\n<li>Re\u00e1ln\u00fd stav majetku a z\u00e1vazk\u016f (co vlastn\u00edm, kdo mi dlu\u017e\u00ed a komu dlu\u017e\u00edm j\u00e1)<\/li>\n<\/ul>\n<p>Hospod\u00e1\u0159sk\u00e1 anal\u00fdza 2<\/p>\n<ul>\n<li>Srovn\u00e1n\u00ed vlastn\u00edch tr\u017eeb a n\u00e1klad\u016f s\u00a0podobn\u00fdmi \u010derpac\u00edmi stanicemi<\/li>\n<\/ul>\n<p>&#8211; vlastn\u00ed zna\u010dky (intern\u00ed benchmarking, srovn\u00e1n\u00ed jednotliv\u00fdch st\u0159edisek v s\u00edti)<\/p>\n<p>&#8211; ostatn\u00edch zna\u010dek v syst\u00e9mu (extern\u00ed benchmarking, srovn\u00e1n\u00ed trhu)<\/p>\n<ul>\n<li>Hospod\u00e1\u0159sk\u00e9 ukazatele zam\u011b\u0159en\u00e9 na \u010derpac\u00ed stanice, nap\u0159. likvidita, obrat na m<sup>2<\/sup> prodejn\u00ed plochy, obr\u00e1tkovost zbo\u017e\u00ed apod.<\/li>\n<\/ul>\n<p>Hospod\u00e1\u0159sk\u00e1 anal\u00fdza 3<\/p>\n<ul>\n<li>Detailn\u00ed v\u00fdpis obchodn\u00edho pl\u00e1nu<\/li>\n<li>Srovn\u00e1n\u00ed aktu\u00e1ln\u00edch v\u00fdsledk\u016f s\u00a0obchodn\u00edm pl\u00e1nem a v\u00fdsledky minul\u00e9ho roku<\/li>\n<li>Progn\u00f3zy o\u010dek\u00e1van\u00e9ho ro\u010dn\u00edho v\u00fdsledku dle dosavadn\u00edho v\u00fdvoje<\/li>\n<li>Rychl\u00e9 rozpozn\u00e1n\u00ed odchylek od pl\u00e1novan\u00fdch tr\u017eeb a n\u00e1klad\u016f<\/li>\n<\/ul>\n<\/div>\n<\/div>\n<\/div><\/div><\/div><\/div><\/div><\/div><\/div><\/section><section class=\"l-section wpb_row height_medium\"><div class=\"l-section-h i-cf\"><div class=\"g-cols vc_row via_flex valign_top type_default stacking_default\"><div class=\"vc_col-sm-4 wpb_column vc_column_container\"><div class=\"vc_column-inner\"><div class=\"wpb_wrapper\"><div class=\"wpb_text_column edList\"><div class=\"wpb_wrapper\"><h4 class=\"title \">Ke sta\u017een\u00ed<\/h4>\n<div class=\" description \">\n<ul>\n<li class=\"download\"><a href=\"https:\/\/www.eurodata.co.at\/wp-content\/uploads\/sites\/6\/2023\/01\/Produktblatt_edtas_cz.pdf\"><strong>Informa\u010dn\u00ed prospekt edtas<\/strong><\/a><\/li>\n<\/ul>\n<\/div>\n<\/div><\/div><\/div><\/div><\/div><div class=\"vc_col-sm-4 wpb_column vc_column_container\"><div class=\"vc_column-inner\"><div class=\"wpb_wrapper\"><div class=\"wpb_text_column\"><div class=\"wpb_wrapper\"><h4 class=\"title \">Kontakt<\/h4>\n<\/div><\/div><div class=\"w-hwrapper valign_top align_none\"><div class=\"w-iconbox iconpos_top style_default color_primary align_center no_text no_title\"><div class=\"w-iconbox-icon\" style=\"font-size:2rem;\"><i class=\"fal fa-envelope\"><\/i><\/div><div class=\"w-iconbox-meta\"><\/div><\/div><div class=\"w-text\"><a href=\"mailto:edtas@eurodata.co.at\" class=\"w-text-h\"><span class=\"w-text-value\">edtas@eurodata.co.at<\/span><\/a><\/div><\/div><\/div><\/div><\/div><div class=\"vc_col-sm-4 wpb_column vc_column_container\"><div class=\"vc_column-inner\"><div class=\"wpb_wrapper\"><div class=\"wpb_text_column\"><div class=\"wpb_wrapper\"><h4 class=\"title \">S\u00ed\u0165 da\u0148ov\u00fdch kancel\u00e1\u0159\u00ed &#8211; seznam a mapa<\/h4>\n<\/div><\/div><div class=\"wpb_text_column edList\"><div class=\"wpb_wrapper\"><ul>\n<li><a href=\"\/cs\/partneri\/\" target=\"_self\" rel=\"noopener\">Da\u0148ov\u00e9 a pr\u00e1vn\u00ed kancel\u00e1\u0159e pro provozovatele \u010derpac\u00edch stanic (edtas) a pro franchisanty (edfis)<\/a><\/li>\n<li><a href=\"\/cs\/partneri#edPartnerMapCZ\">Mapa da\u0148ov\u00fdch kancel\u00e1\u0159\u00ed s\u00edt\u011b eurodata v \u010cesk\u00e9 republice a na Slovensku<\/a><\/li>\n<\/ul>\n<\/div><\/div><\/div><\/div><\/div><\/div><\/div><\/section>\n","protected":false},"excerpt":{"rendered":"edtas \u2013 Kontroln\u00ed a reportn\u00ed syst\u00e9m pro \u010derpac\u00ed stanice Zjistit v\u00edceChcete se dozv\u011bd\u011bt v\u00edce? Kontaktujte n\u00e1s prost\u0159ednictv\u00edm n\u00e1sleduj\u00edc\u00edho formul\u00e1\u0159e. Spole\u010dnost: * P\u0159\u00edjmen\u00ed, Jm\u00e9no: * Email: Telefon: Text zpr\u00e1vy: Souhlas\u00edm s ulo\u017een\u00edm m\u00fdch \u00fadaj\u016f. eurodata GmbH zaru\u010duje, \u017ee s daty bude nakl\u00e1d\u00e1no v souladu se z\u00e1konem o ochran\u011b osobn\u00edch \u00fadaj\u016f.* Souhlas\u00edm se zas\u00edl\u00e1n\u00edm informa\u010dn\u00edch email\u016f o...","protected":false},"author":5,"featured_media":0,"parent":0,"menu_order":0,"comment_status":"closed","ping_status":"closed","template":"","meta":{"footnotes":""},"class_list":["post-760","page","type-page","status-publish","hentry"],"distributor_meta":false,"distributor_terms":false,"distributor_media":false,"distributor_original_site_name":"eurodata GmbH \u00d6sterreich","distributor_original_site_url":"https:\/\/www.eurodata.co.at\/cz\/","push-errors":false,"_links":{"self":[{"href":"https:\/\/www.eurodata.co.at\/cz\/wp-json\/wp\/v2\/pages\/760","targetHints":{"allow":["GET"]}}],"collection":[{"href":"https:\/\/www.eurodata.co.at\/cz\/wp-json\/wp\/v2\/pages"}],"about":[{"href":"https:\/\/www.eurodata.co.at\/cz\/wp-json\/wp\/v2\/types\/page"}],"author":[{"embeddable":true,"href":"https:\/\/www.eurodata.co.at\/cz\/wp-json\/wp\/v2\/users\/5"}],"replies":[{"embeddable":true,"href":"https:\/\/www.eurodata.co.at\/cz\/wp-json\/wp\/v2\/comments?post=760"}],"version-history":[{"count":1,"href":"https:\/\/www.eurodata.co.at\/cz\/wp-json\/wp\/v2\/pages\/760\/revisions"}],"predecessor-version":[{"id":4702,"href":"https:\/\/www.eurodata.co.at\/cz\/wp-json\/wp\/v2\/pages\/760\/revisions\/4702"}],"wp:attachment":[{"href":"https:\/\/www.eurodata.co.at\/cz\/wp-json\/wp\/v2\/media?parent=760"}],"curies":[{"name":"wp","href":"https:\/\/api.w.org\/{rel}","templated":true}]}}