{"id":738,"date":"2022-12-22T08:16:48","date_gmt":"2022-12-22T07:16:48","guid":{"rendered":"https:\/\/www.eurodata.co.at\/kontrolni-a-reportni-system-pro-franchisove-site\/"},"modified":"2024-04-22T12:45:05","modified_gmt":"2024-04-22T10:45:05","slug":"fransizovy-informacnisystem","status":"publish","type":"page","link":"https:\/\/www.eurodata.co.at\/cz\/fransizovy-informacnisystem\/","title":{"rendered":"Kontroln\u00ed a reportn\u00ed syst\u00e9m pro franchisov\u00e9 s\u00edt\u011b"},"content":{"rendered":"<section class=\"l-section wpb_row us_custom_621e142c has_text_color height_medium\"><div class=\"l-section-h i-cf\"><div class=\"g-cols vc_row via_flex valign_top type_default stacking_default\"><div class=\"vc_col-sm-9 wpb_column vc_column_container\"><div class=\"vc_column-inner\"><div class=\"wpb_wrapper\"><div class=\"wpb_text_column us_custom_6df4bc3a has_text_color\"><div class=\"wpb_wrapper\"><h1 class=\"page-title\"><b>edfis<\/b> \u2013 Kontroln\u00ed a reportn\u00ed syst\u00e9m pro franchisov\u00e9 s\u00edt\u011b<\/h1>\n<\/div><\/div><div class=\"w-popup w-btn-wrapper align_none\"><button class=\"w-popup-trigger type_btn w-btn us-btn-style_6\" aria-label=\"Zjistit v\u00edce\" type=\"button\"><span class=\"w-btn-label\">Zjistit v\u00edce<\/span><\/button><div class=\"w-popup-overlay\" style=\"background:rgba(0,0,0,0.85);\"><\/div><div class=\"w-popup-wrap layout_default\" role=\"dialog\" aria-modal=\"true\" aria-label=\"Vyskakovac\u00ed okno\" style=\"--title-color:var(--color-content-heading);--title-bg-color:var(--color-content-bg-alt);--content-color:var(--color-content-text);--content-bg-color:var(--color-content-bg);--popup-width:600px;--popup-padding:5%;\"><button aria-label=\"Zav\u0159\u00edt\" class=\"w-popup-closer\" type=\"button\"><\/button><div class=\"w-popup-box animation_fadeIn closerpos_outside without_title\"><div class=\"w-popup-box-h\"><div class=\"w-popup-box-content\"><p>Dieser Inhalt erscheint in einem Popup&#8230;<\/p>\n<\/div><\/div><\/div><\/div><\/div><\/div><\/div><\/div><div class=\"vc_col-sm-3 wpb_column vc_column_container\"><div class=\"vc_column-inner\"><div class=\"wpb_wrapper\"><\/div><\/div><\/div><\/div><\/div><\/section><section class=\"l-section wpb_row us_custom_2c56f36e edList height_medium\"><div class=\"l-section-h i-cf\"><div class=\"g-cols vc_row via_flex valign_top type_default stacking_default\"><div class=\"vc_col-sm-12 wpb_column vc_column_container\"><div class=\"vc_column-inner us_custom_6c21c073 us_animate_this\"><div class=\"wpb_wrapper\"><div class=\"g-cols wpb_row us_custom_46e20c18 via_flex valign_top type_default stacking_default\"><div class=\"vc_col-sm-3 wpb_column vc_column_container\"><div class=\"vc_column-inner\"><div class=\"wpb_wrapper\"><\/div><\/div><\/div><div class=\"vc_col-sm-6 wpb_column vc_column_container\"><div class=\"vc_column-inner\"><div class=\"wpb_wrapper\"><div class=\"wpb_text_column us_custom_bda6917a\"><div class=\"wpb_wrapper\"><div class=\"panel-pane pane-node \">\n<div class=\"pane-content\">\n<div class=\"contentbox \">\n<div id=\"OptimalebetriebswirtschaftlicheAuswertungenundVergleichemit&lt;b&gt;edfis&lt;\/b&gt;\" class=\"col-1 box contentbox-item \">\n<div class=\"contentbox-content\">\n<h2 class=\"title \">Hospod\u00e1\u0159sk\u00e9 anal\u00fdzy, reporty a srovn\u00e1n\u00ed na m\u00edru v syst\u00e9mu <b>edfis<\/b><\/h2>\n<\/div>\n<\/div>\n<\/div>\n<\/div>\n<\/div>\n<\/div><\/div><\/div><\/div><\/div><div class=\"vc_col-sm-3 wpb_column vc_column_container\"><div class=\"vc_column-inner\"><div class=\"wpb_wrapper\"><\/div><\/div><\/div><\/div><div class=\"g-cols wpb_row via_flex valign_top type_default stacking_default\"><div class=\"vc_col-sm-6 wpb_column vc_column_container\"><div class=\"vc_column-inner\"><div class=\"wpb_wrapper\"><div class=\"wpb_text_column\"><div class=\"wpb_wrapper\"><div class=\"panel-pane pane-node \">\n<div class=\"pane-content\">\n<div class=\"contentbox \">\n<div id=\"OptimalebetriebswirtschaftlicheAuswertungenundVergleichemit&lt;b&gt;edfis&lt;\/b&gt;\" class=\"col-1 box contentbox-item \">\n<div class=\"contentbox-content\">\n<div class=\"description \">\n<p>A\u0165 u\u017e jste franchisor nebo franchisant, pot\u0159ebujete dob\u0159e zn\u00e1t svou ekonomickou situaci a v\u011bd\u011bt, jak\u00e1 opat\u0159en\u00ed je t\u0159eba u\u010dinit. V syst\u00e9mu edfis spole\u010dnosti eurodata naleznete aktu\u00e1ln\u00ed p\u0159ehled o sv\u00fdch hospod\u00e1\u0159sk\u00fdch v\u00fdsledc\u00edch a jejich v\u00fdvoji. Obor, velikost podniku, obchodn\u00ed model \u2013 ka\u017ed\u00e9 podnik\u00e1n\u00ed m\u00e1 sv\u00e1 specifika. Proto pro ka\u017edou franchisovou s\u00ed\u0165 dle p\u0159\u00e1n\u00ed z\u00e1kazn\u00edka upravujeme do po\u017eadovan\u00e9 podoby mnohokr\u00e1t prov\u011b\u0159enou z\u00e1kladn\u00ed platformu syst\u00e9mu edfis.<\/p>\n<\/div>\n<\/div>\n<\/div>\n<\/div>\n<\/div>\n<\/div>\n<\/div><\/div><\/div><\/div><\/div><div class=\"vc_col-sm-6 wpb_column vc_column_container\"><div class=\"vc_column-inner\"><div class=\"wpb_wrapper\"><div class=\"wpb_text_column\"><div class=\"wpb_wrapper\"><div class=\"panel-pane pane-node \">\n<div class=\"pane-content\">\n<div class=\"contentbox \">\n<div id=\"OptimalebetriebswirtschaftlicheAuswertungenundVergleichemit&lt;b&gt;edfis&lt;\/b&gt;\" class=\"col-1 box contentbox-item \">\n<div class=\"contentbox-content\">\n<div class=\"description \">\n<p>Spole\u010dn\u011b se z\u00e1kazn\u00edkem vybereme ta nejd\u016fle\u017eit\u011bj\u0161\u00ed data, kter\u00e1 budou do syst\u00e9mu vstupovat (nap\u0159. data z pokladn\u00edho, \u00fa\u010detn\u00edho nebo backoffice syst\u00e9mu) a vhodn\u00fd zp\u016fsob jejich zpracov\u00e1n\u00ed. Z\u00e1kazn\u00edk pak obdr\u017e\u00ed tato data v podob\u011b hospod\u00e1\u0159sk\u00fdch anal\u00fdz, report\u016f, benchmark\u016f, srovn\u00e1n\u00ed a graf\u016f. Rozhodne tak\u00e9 o p\u0159\u00edstupu konkr\u00e9tn\u00edch u\u017eivatel\u016f k vybran\u00fdm dat\u016fm.<\/p>\n<\/div>\n<\/div>\n<\/div>\n<\/div>\n<\/div>\n<\/div>\n<\/div><\/div><\/div><\/div><\/div><\/div><\/div><\/div><\/div><\/div><\/div><\/section><section class=\"l-section wpb_row us_custom_8a5939c3 edList height_medium with_shape\"><div class=\"l-section-shape type_tilt pos_bottom\" style=\"height:7vh;color:#ffffff\"><svg xmlns=\"http:\/\/www.w3.org\/2000\/svg\" viewBox=\"0 0 64 8\" preserveAspectRatio=\"none\" width=\"100%\" height=\"100%\">\r\n\t<path fill=\"currentColor\" d=\"M64 7.9 L64 10 L0 10 L0 0 Z\"\/>\r\n<\/svg><\/div><div class=\"l-section-h i-cf\"><div class=\"g-cols vc_row via_flex valign_top type_default stacking_default\"><div class=\"vc_col-sm-12 wpb_column vc_column_container\"><div class=\"vc_column-inner us_custom_6c21c073 us_animate_this\"><div class=\"wpb_wrapper\"><\/div><\/div><\/div><\/div><\/div><\/section><section class=\"l-section wpb_row us_custom_9e765ce2 edList height_medium\"><div class=\"l-section-h i-cf\"><div class=\"g-cols vc_row via_flex valign_top type_default stacking_default\"><div class=\"vc_col-sm-4 wpb_column vc_column_container\"><div class=\"vc_column-inner us_custom_6c21c073 us_animate_this\"><div class=\"wpb_wrapper\"><div class=\"w-iconbox us_custom_0c0e47d8 iconpos_top style_default color_primary align_center no_text no_title\"><div class=\"w-iconbox-icon\" style=\"font-size:5rem;\"><i class=\"fad fa-stars\"><\/i><\/div><div class=\"w-iconbox-meta\"><\/div><\/div><div class=\"wpb_text_column\"><div class=\"wpb_wrapper\"><div class=\"description \">\n<h2 class=\"title has-icon-title\">V\u00fdhody zaveden\u00ed syst\u00e9mu <b>edfis<\/b><\/h2>\n<div class=\"description \">\n<ul>\n<li>P\u0159ehled o v\u00fdsledc\u00edch franchisov\u00fdch partner\u016f a jejich srovn\u00e1n\u00ed d\u00edky jednotn\u00e9mu \u00fa\u010detn\u00edmu syst\u00e9mu<\/li>\n<li>Podklady pro efektivn\u00ed \u0159\u00edzen\u00ed franchisov\u00e9 s\u00edt\u011b v\u00a0podob\u011b anal\u00fdz, report\u016f a graf\u016f<\/li>\n<li>Rychl\u00fd p\u0159\u00edstup ke v\u0161em relevantn\u00edm dat\u016fm pro franchisora i franchisanty<\/li>\n<li>Pr\u016fb\u011b\u017en\u00e9 kontroly v\u00fdstup\u016f zaji\u0161\u0165uj\u00edc\u00ed vysokou kvalitu dat<\/li>\n<li>Srovn\u00e1n\u00ed aktu\u00e1ln\u00edch v\u00fdsledk\u016f s\u00a0minul\u00fdm obdob\u00edm a obchodn\u00edm pl\u00e1nem<\/li>\n<li>Interaktivn\u00ed grafick\u00e9 p\u0159ehledy<\/li>\n<li>Souhrnn\u00e9 anal\u00fdzy pro franchisanty s\u00a0v\u00edce obchodn\u00edmi m\u00edsty<\/li>\n<li>Webov\u00e1 platforma v\u00a0n\u011bkolika jazyc\u00edch umo\u017e\u0148uj\u00edc\u00ed p\u0159\u00edstup kdykoliv a odkudkoliv<\/li>\n<li>Srovnateln\u00e9 reporty ze v\u0161ech zem\u00ed pro mezin\u00e1rodn\u00ed franchisov\u00e9 syst\u00e9my<\/li>\n<\/ul>\n<\/div>\n<\/div>\n<\/div><\/div><\/div><\/div><\/div><div class=\"vc_col-sm-4 wpb_column vc_column_container\"><div class=\"vc_column-inner us_custom_d77bca1a us_animate_this\"><div class=\"wpb_wrapper\"><div class=\"w-iconbox us_custom_a25b17f5 iconpos_top style_default color_primary align_center no_text no_title\"><div class=\"w-iconbox-icon\" style=\"font-size:5rem;\"><i class=\"fad fa-shield-check\"><\/i><\/div><div class=\"w-iconbox-meta\"><\/div><\/div><div class=\"wpb_text_column\"><div class=\"wpb_wrapper\"><h2 class=\"title has-icon-title\">Optim\u00e1ln\u00ed \u0159\u00edzen\u00ed franchisov\u00e9 s\u00edt\u011b<\/h2>\n<div class=\"description \">\n<p>K\u00a0\u00fasp\u011b\u0161n\u00e9mu \u0159\u00edzen\u00ed franchisov\u00e9 s\u00edt\u011b jsou nezbytn\u00e1 kvalitn\u00ed data, kter\u00e1 jsou aktu\u00e1ln\u00ed a kdykoliv k\u00a0dispozici. Jen tak lze rychle odhalit slab\u00e1 m\u00edsta a podniknout v\u010das kroky k\u00a0jejich n\u00e1prav\u011b.<\/p>\n<p>V\u00a0n\u011bkolika evropsk\u00fdch zem\u00edch spolupracuje eurodata s\u00a0hustou s\u00edt\u00ed da\u0148ov\u00fdch kancel\u00e1\u0159\u00ed, kter\u00e9 maj\u00ed dlouholet\u00e9 zku\u0161enosti s \u00fa\u010dtov\u00e1n\u00edm obchodn\u00edch s\u00edt\u00ed a mezi sv\u00e9 klienty r\u00e1dy za\u0159ad\u00ed tak\u00e9 Va\u0161e partnery. V\u00a0\u010cesk\u00e9 republice je V\u00e1m k\u00a0dispozici <a href=\"https:\/\/www.kodap.cz\" target=\"_blank\" rel=\"noopener\">skupina da\u0148ov\u00fdch kancel\u00e1\u0159\u00ed KODAP<\/a>, kter\u00e9 s\u00eddl\u00ed ve v\u00edce ne\u017e des\u00edtce \u010desk\u00fdch m\u011bst. Vyu\u017eit\u00edm slu\u017eeb n\u011bkter\u00e9 z\u00a0kancel\u00e1\u0159\u00ed KODAP v\u00a0r\u00e1mci syst\u00e9mu edfis z\u00edsk\u00e1te komfort v\u00fdrazn\u011b p\u0159esahuj\u00edc\u00ed slu\u017eby b\u011b\u017en\u00e9 \u00fa\u010detn\u00ed kancel\u00e1\u0159e a to za velmi p\u0159\u00edzniv\u00e9 ceny, kter\u00e9 co do kvality a z\u00e1b\u011bru nemaj\u00ed na \u010desk\u00e9m trhu konkurenci.<\/p>\n<p>Jednotn\u00fd \u00fa\u010detn\u00ed syst\u00e9m zajist\u00ed hladk\u00fd p\u0159enos dat, srovnatelnost \u00fa\u010detnictv\u00ed jednotliv\u00fdch franchisant\u016f a roz\u0161\u00ed\u0159\u00ed mo\u017enosti automatizace. Formu spolupr\u00e1ce v\u0161ak r\u00e1di p\u0159izp\u016fsob\u00edme Va\u0161im po\u017eadavk\u016fm. Dohodnut\u00e9 reporty pro V\u00e1s zpracujeme tak\u00e9 na z\u00e1klad\u011b dat dodan\u00fdch p\u0159\u00edmo z\u00a0centr\u00e1ly franchisov\u00e9 s\u00edt\u011b nebo od jednotliv\u00fdch partner\u016f v\u00a0p\u0159\u00edpad\u011b, \u017ee nevyu\u017eij\u00ed jednotn\u00e9ho \u00fa\u010detnictv\u00ed v\u00a0na\u0161ich da\u0148ov\u00fdch kancel\u00e1\u0159\u00edch.<\/p>\n<\/div>\n<\/div><\/div><\/div><\/div><\/div><div class=\"vc_col-sm-4 wpb_column vc_column_container\"><div class=\"vc_column-inner us_custom_ba870b58 us_animate_this\"><div class=\"wpb_wrapper\"><div class=\"w-iconbox us_custom_0c0e47d8 iconpos_top style_default color_primary align_center no_text no_title\"><div class=\"w-iconbox-icon\" style=\"font-size:5rem;\"><i class=\"fad fa-analytics\"><\/i><\/div><div class=\"w-iconbox-meta\"><\/div><\/div><div class=\"wpb_text_column\"><div class=\"wpb_wrapper\"><h2 class=\"title has-icon-title\">Na cest\u011b k \u00fasp\u011bchu s hospod\u00e1\u0159sk\u00fdmi anal\u00fdzami<\/h2>\n<div class=\"description \">\n<div>Z\u00e1kladn\u00ed struktura syst\u00e9mu edfis se skl\u00e1d\u00e1 ze t\u0159\u00ed hospod\u00e1\u0159sk\u00fdch anal\u00fdz:<br \/>\nHospod\u00e1\u0159sk\u00e1 anal\u00fdza 1 pod\u00e1v\u00e1 kompletn\u00ed p\u0159ehled o obratech, mar\u017e\u00edch, n\u00e1kladech a hospod\u00e1\u0159sk\u00e9m v\u00fdsledku vybran\u00e9ho obchodn\u00edho m\u00edsta. Obsahuje \u00fadaje za aktu\u00e1ln\u00ed m\u011bs\u00edc i souhrnn\u00e9 \u00fadaje za cel\u00e9 obdob\u00ed.<\/div>\n<p>Hospod\u00e1\u0159sk\u00e1 anal\u00fdza 2 poskytuje srovn\u00e1n\u00ed vlastn\u00edho podnik\u00e1n\u00ed s\u00a0podobn\u00fdmi obchodn\u00edmi m\u00edsty v\u00a0s\u00edti, p\u0159\u00edpadn\u011b i s\u00a0anonymn\u00edmi v\u00fdsledky konkurence. Sou\u010d\u00e1st\u00ed je i benchmarking a vybran\u00e9 hospod\u00e1\u0159sk\u00e9 ukazatele, kter\u00e9 jsou pro danou s\u00ed\u0165 relevantn\u00ed.<\/p>\n<p>Hospod\u00e1\u0159sk\u00e1 anal\u00fdza 3 zahrnuje srovn\u00e1n\u00ed v\u0161ech skupin obrat\u016f a n\u00e1klad\u016f s\u00a0p\u0159edchoz\u00edmi obdob\u00edmi a tak\u00e9 s\u00a0pl\u00e1novan\u00fdmi v\u00fdsledky. D\u00edky n\u011bkolika typ\u016fm progn\u00f3z je na prvn\u00ed pohled z\u0159ejm\u00e9, jak\u00fd lze za sou\u010dasn\u00e9ho v\u00fdvoje o\u010dek\u00e1vat celkov\u00fd ro\u010dn\u00ed v\u00fdsledek.<\/p>\n<p>Data obsa\u017een\u00e1 v hospod\u00e1\u0159sk\u00fdch anal\u00fdz\u00e1ch si lze zobrazit tak\u00e9 v interaktivn\u00edch grafech. V\u00a0r\u00e1mci syst\u00e9mu edfis lze nav\u00edc vyu\u017e\u00edt online archiv a nadstavbov\u00fd modul pro tvorbu obchodn\u00edch pl\u00e1n\u016f.<\/p>\n<\/div>\n<\/div><\/div><\/div><\/div><\/div><\/div><\/div><\/section><section class=\"l-section wpb_row height_medium\"><div class=\"l-section-h i-cf\"><div class=\"g-cols vc_row via_flex valign_top type_default stacking_default\"><div class=\"vc_col-sm-4 wpb_column vc_column_container\"><div class=\"vc_column-inner\"><div class=\"wpb_wrapper\"><div class=\"wpb_text_column edList\"><div class=\"wpb_wrapper\"><h4 class=\"title \">Ke sta\u017een\u00ed<\/h4>\n<div class=\" description \">\n<ul>\n<li class=\"download\"><a href=\"https:\/\/www.eurodata.co.at\/wp-content\/uploads\/sites\/6\/2024\/04\/edfis_Informacni-letak.pdf\" target=\"_blank\" rel=\"noopener\">Informa\u010dn\u00ed prospekt edfis<\/a><\/li>\n<\/ul>\n<\/div>\n<\/div><\/div><\/div><\/div><\/div><div class=\"vc_col-sm-4 wpb_column vc_column_container\"><div class=\"vc_column-inner\"><div class=\"wpb_wrapper\"><div class=\"wpb_text_column\"><div class=\"wpb_wrapper\"><h4 class=\"title \">Kontakt<\/h4>\n<\/div><\/div><div class=\"w-hwrapper valign_top align_none\"><div class=\"w-iconbox iconpos_top style_default color_primary align_center no_text no_title\"><div class=\"w-iconbox-icon\" style=\"font-size:2rem;\"><i class=\"fal fa-envelope\"><\/i><\/div><div class=\"w-iconbox-meta\"><\/div><\/div><div class=\"w-text\"><a href=\"mailto:edfis@eurodata.co.at\" class=\"w-text-h\"><span class=\"w-text-value\">edfis@eurodata.co.at<\/span><\/a><\/div><\/div><\/div><\/div><\/div><div class=\"vc_col-sm-4 wpb_column vc_column_container\"><div class=\"vc_column-inner\"><div class=\"wpb_wrapper\"><div class=\"wpb_text_column\"><div class=\"wpb_wrapper\"><h4 class=\"title \">S\u00ed\u0165 da\u0148ov\u00fdch kancel\u00e1\u0159\u00ed &#8211; seznam a mapa<\/h4>\n<\/div><\/div><div class=\"wpb_text_column edList\"><div class=\"wpb_wrapper\"><ul>\n<li><a href=\"\/cs\/partneri\/\" target=\"_self\" rel=\"noopener\">Da\u0148ov\u00e9 a pr\u00e1vn\u00ed kancel\u00e1\u0159e pro provozovatele \u010derpac\u00edch stanic (edtas) a pro franchisanty (edfis)<\/a><\/li>\n<li><a href=\"\/cs\/partneri#edPartnerMapCZ\">Mapa da\u0148ov\u00fdch kancel\u00e1\u0159\u00ed s\u00edt\u011b eurodata v \u010cesk\u00e9 republice a na Slovensku<\/a><\/li>\n<\/ul>\n<\/div><\/div><\/div><\/div><\/div><\/div><\/div><\/section>\n","protected":false},"excerpt":{"rendered":"edfis \u2013 Kontroln\u00ed a reportn\u00ed syst\u00e9m pro franchisov\u00e9 s\u00edt\u011b Zjistit v\u00edceDieser Inhalt erscheint in einem Popup... Hospod\u00e1\u0159sk\u00e9 anal\u00fdzy, reporty a srovn\u00e1n\u00ed na m\u00edru v syst\u00e9mu edfis A\u0165 u\u017e jste franchisor nebo franchisant, pot\u0159ebujete dob\u0159e zn\u00e1t svou ekonomickou situaci a v\u011bd\u011bt, jak\u00e1 opat\u0159en\u00ed je t\u0159eba u\u010dinit. V syst\u00e9mu edfis spole\u010dnosti eurodata naleznete aktu\u00e1ln\u00ed p\u0159ehled o sv\u00fdch...","protected":false},"author":5,"featured_media":0,"parent":0,"menu_order":0,"comment_status":"closed","ping_status":"closed","template":"","meta":{"footnotes":""},"class_list":["post-738","page","type-page","status-publish","hentry"],"distributor_meta":false,"distributor_terms":false,"distributor_media":false,"distributor_original_site_name":"eurodata GmbH \u00d6sterreich","distributor_original_site_url":"https:\/\/www.eurodata.co.at\/cz\/","push-errors":false,"_links":{"self":[{"href":"https:\/\/www.eurodata.co.at\/cz\/wp-json\/wp\/v2\/pages\/738","targetHints":{"allow":["GET"]}}],"collection":[{"href":"https:\/\/www.eurodata.co.at\/cz\/wp-json\/wp\/v2\/pages"}],"about":[{"href":"https:\/\/www.eurodata.co.at\/cz\/wp-json\/wp\/v2\/types\/page"}],"author":[{"embeddable":true,"href":"https:\/\/www.eurodata.co.at\/cz\/wp-json\/wp\/v2\/users\/5"}],"replies":[{"embeddable":true,"href":"https:\/\/www.eurodata.co.at\/cz\/wp-json\/wp\/v2\/comments?post=738"}],"version-history":[{"count":2,"href":"https:\/\/www.eurodata.co.at\/cz\/wp-json\/wp\/v2\/pages\/738\/revisions"}],"predecessor-version":[{"id":6649,"href":"https:\/\/www.eurodata.co.at\/cz\/wp-json\/wp\/v2\/pages\/738\/revisions\/6649"}],"wp:attachment":[{"href":"https:\/\/www.eurodata.co.at\/cz\/wp-json\/wp\/v2\/media?parent=738"}],"curies":[{"name":"wp","href":"https:\/\/api.w.org\/{rel}","templated":true}]}}