{"id":729,"date":"2022-12-22T08:18:46","date_gmt":"2022-12-22T07:18:46","guid":{"rendered":"https:\/\/www.eurodata.co.at\/digitalni-archivace-a-zalohovani-dat\/"},"modified":"2024-04-22T13:04:01","modified_gmt":"2024-04-22T11:04:01","slug":"digitalni-archivace-a-zalohovani-dat","status":"publish","type":"page","link":"https:\/\/www.eurodata.co.at\/cz\/digitalni-archivace-a-zalohovani-dat\/","title":{"rendered":"Digit\u00e1ln\u00ed archivace a z\u00e1lohov\u00e1n\u00ed dat"},"content":{"rendered":"<section class=\"l-section wpb_row us_custom_621e142c has_text_color height_medium\"><div class=\"l-section-h i-cf\"><div class=\"g-cols vc_row via_flex valign_top type_default stacking_default\"><div class=\"vc_col-sm-9 wpb_column vc_column_container\"><div class=\"vc_column-inner\"><div class=\"wpb_wrapper\"><div class=\"wpb_text_column us_custom_6df4bc3a has_text_color\"><div class=\"wpb_wrapper\"><div id=\"Digit\u00e1ln\u00edarchivaceaz\u00e1lohov\u00e1n\u00eddat\" class=\"col-1 box contentbox-item \">\n<div class=\"contentbox-content\">\n<h1 class=\"pane-title\">Digit\u00e1ln\u00ed archivace a z\u00e1lohov\u00e1n\u00ed dat<\/h1>\n<\/div>\n<\/div>\n<\/div><\/div><\/div><\/div><\/div><div class=\"vc_col-sm-3 wpb_column vc_column_container\"><div class=\"vc_column-inner\"><div class=\"wpb_wrapper\"><\/div><\/div><\/div><\/div><\/div><\/section><section class=\"l-section wpb_row us_custom_0fa8ae89 height_medium with_shape\"><div class=\"l-section-shape type_tilt pos_bottom on_front\" style=\"height:5vh;color:#ffffff\"><svg xmlns=\"http:\/\/www.w3.org\/2000\/svg\" viewBox=\"0 0 64 8\" preserveAspectRatio=\"none\" width=\"100%\" height=\"100%\">\r\n\t<path fill=\"currentColor\" d=\"M64 7.9 L64 10 L0 10 L0 0 Z\"\/>\r\n<\/svg><\/div><div class=\"l-section-h i-cf\"><div class=\"g-cols vc_row via_flex valign_top type_default stacking_default\"><div class=\"vc_col-sm-6 wpb_column vc_column_container\"><div class=\"vc_column-inner us_custom_561a6167 us_animate_this\"><div class=\"wpb_wrapper\"><div class=\"w-hwrapper hide_on_default hide_on_laptops valign_middle align_center\" style=\"--hwrapper-gap:1.20rem\"><div class=\"w-iconbox iconpos_top style_default color_custom align_center no_text no_title\"><div class=\"w-iconbox-icon\" style=\"font-size:5rem;--icon-color:#87c3be;\"><i class=\"fad fa-envelope\"><\/i><\/div><div class=\"w-iconbox-meta\"><\/div><\/div><\/div><div class=\"wpb_text_column us_custom_08a89dba\"><div class=\"wpb_wrapper\"><h3>email2archive &#8211; osobn\u00ed online trezor<\/h3>\n<p>Dlouhodob\u00e1 archivace elektronick\u00fdch faktur a d\u016fle\u017eit\u00fdch dokument\u016f v souladu se z\u00e1konem \u2013 bez vlastn\u00edho hardwaru a softwaru.<br \/>\nArchivace jednodu\u0161\u0161e, bezpe\u010dn\u011b a levn\u011b<\/p>\n<\/div><\/div><div class=\"w-btn-wrapper align_center\"><a class=\"w-btn us-btn-style_1\" title=\"email2archive\" href=\"https:\/\/www.eurodata.co.at\/en\/digital-archiving-and-backup\/edmail2archive\/\"><span class=\"w-btn-label\">Zjistit vice (v angli\u010dtin\u011b)<\/span><\/a><\/div><\/div><\/div><\/div><div class=\"vc_col-sm-6 wpb_column vc_column_container  hide_on_tablets hide_on_mobiles\"><div class=\"vc_column-inner us_custom_ba870b58 us_animate_this\"><div class=\"wpb_wrapper\"><div class=\"w-image align_none\"><div class=\"w-image-h\"><img decoding=\"async\" width=\"562\" height=\"290\" src=\"https:\/\/www.eurodata.co.at\/wp-content\/uploads\/sites\/6\/2023\/01\/Fotolia_105283692_L_Urheber_vege_560x290.jpg\" class=\"attachment-large size-large\" alt=\"\" loading=\"lazy\" srcset=\"https:\/\/www.eurodata.co.at\/wp-content\/uploads\/sites\/6\/2023\/01\/Fotolia_105283692_L_Urheber_vege_560x290.jpg 562w, https:\/\/www.eurodata.co.at\/wp-content\/uploads\/sites\/6\/2023\/01\/Fotolia_105283692_L_Urheber_vege_560x290-300x155.jpg 300w\" sizes=\"auto, (max-width: 562px) 100vw, 562px\" \/><\/div><\/div><\/div><\/div><\/div><\/div><\/div><\/section><section class=\"l-section wpb_row us_custom_e4e9a216 height_medium\"><div class=\"l-section-h i-cf\"><div class=\"g-cols vc_row via_flex valign_top type_default stacking_default\"><div class=\"vc_col-sm-6 wpb_column vc_column_container  hide_on_tablets hide_on_mobiles\"><div class=\"vc_column-inner us_custom_6c21c073 us_animate_this\"><div class=\"wpb_wrapper\"><div class=\"w-image align_none\"><div class=\"w-image-h\"><img decoding=\"async\" width=\"561\" height=\"290\" src=\"https:\/\/www.eurodata.co.at\/wp-content\/uploads\/sites\/6\/2023\/01\/Fotolia_90130673_L_Urheber_BillionPhotos.com_560x290.jpg\" class=\"attachment-large size-large\" alt=\"\" loading=\"lazy\" srcset=\"https:\/\/www.eurodata.co.at\/wp-content\/uploads\/sites\/6\/2023\/01\/Fotolia_90130673_L_Urheber_BillionPhotos.com_560x290.jpg 561w, https:\/\/www.eurodata.co.at\/wp-content\/uploads\/sites\/6\/2023\/01\/Fotolia_90130673_L_Urheber_BillionPhotos.com_560x290-300x155.jpg 300w\" sizes=\"auto, (max-width: 561px) 100vw, 561px\" \/><\/div><\/div><\/div><\/div><\/div><div class=\"vc_col-sm-6 wpb_column vc_column_container\"><div class=\"vc_column-inner us_custom_ba870b58 us_animate_this\"><div class=\"wpb_wrapper\"><div class=\"w-hwrapper hide_on_default hide_on_laptops valign_middle align_center\" style=\"--hwrapper-gap:1.20rem\"><div class=\"w-iconbox iconpos_top style_default color_custom align_center no_text no_title\"><div class=\"w-iconbox-icon\" style=\"font-size:5rem;--icon-color:#87c3be;\"><i class=\"fad fa-cloud\"><\/i><\/div><div class=\"w-iconbox-meta\"><\/div><\/div><\/div><div class=\"wpb_text_column us_custom_08a89dba\"><div class=\"wpb_wrapper\"><h3>edbackup &#8211; z\u00e1lohov\u00e1n\u00ed dat online<\/h3>\n<p>Bu\u010fte bez starost\u00ed d\u00edky pln\u011b automatizovan\u00e9mu extern\u00edmu z\u00e1lohov\u00e1n\u00ed kritick\u00fdch dat. Nez\u00e1le\u017e\u00ed na tom, zda se jedn\u00e1 o server, notebook nebo pokladnu.<\/p>\n<\/div><\/div><div class=\"w-btn-wrapper align_center\"><a class=\"w-btn us-btn-style_1\" title=\"edbackup \u2013 der optimale Schutz vor Datenverlust\" href=\"https:\/\/www.eurodata.co.at\/en\/digital-archiving-and-backup\/edbackup\/\"><span class=\"w-btn-label\">Zjistit vice (v angli\u010dtin\u011b)<\/span><\/a><\/div><\/div><\/div><\/div><\/div><\/div><\/section>\n","protected":false},"excerpt":{"rendered":"Digit\u00e1ln\u00ed archivace a z\u00e1lohov\u00e1n\u00ed dat email2archive &#8211; osobn\u00ed online trezor Dlouhodob\u00e1 archivace elektronick\u00fdch faktur a d\u016fle\u017eit\u00fdch dokument\u016f v souladu se z\u00e1konem \u2013 bez vlastn\u00edho hardwaru a softwaru. Archivace jednodu\u0161\u0161e, bezpe\u010dn\u011b a levn\u011b Zjistit vice (v angli\u010dtin\u011b)edbackup &#8211; z\u00e1lohov\u00e1n\u00ed dat online Bu\u010fte bez starost\u00ed d\u00edky pln\u011b automatizovan\u00e9mu extern\u00edmu z\u00e1lohov\u00e1n\u00ed kritick\u00fdch dat. Nez\u00e1le\u017e\u00ed na tom, zda se...","protected":false},"author":5,"featured_media":0,"parent":0,"menu_order":0,"comment_status":"closed","ping_status":"closed","template":"","meta":{"footnotes":""},"class_list":["post-729","page","type-page","status-publish","hentry"],"distributor_meta":false,"distributor_terms":false,"distributor_media":false,"distributor_original_site_name":"eurodata GmbH \u00d6sterreich","distributor_original_site_url":"https:\/\/www.eurodata.co.at\/cz\/","push-errors":false,"_links":{"self":[{"href":"https:\/\/www.eurodata.co.at\/cz\/wp-json\/wp\/v2\/pages\/729","targetHints":{"allow":["GET"]}}],"collection":[{"href":"https:\/\/www.eurodata.co.at\/cz\/wp-json\/wp\/v2\/pages"}],"about":[{"href":"https:\/\/www.eurodata.co.at\/cz\/wp-json\/wp\/v2\/types\/page"}],"author":[{"embeddable":true,"href":"https:\/\/www.eurodata.co.at\/cz\/wp-json\/wp\/v2\/users\/5"}],"replies":[{"embeddable":true,"href":"https:\/\/www.eurodata.co.at\/cz\/wp-json\/wp\/v2\/comments?post=729"}],"version-history":[{"count":5,"href":"https:\/\/www.eurodata.co.at\/cz\/wp-json\/wp\/v2\/pages\/729\/revisions"}],"predecessor-version":[{"id":6657,"href":"https:\/\/www.eurodata.co.at\/cz\/wp-json\/wp\/v2\/pages\/729\/revisions\/6657"}],"wp:attachment":[{"href":"https:\/\/www.eurodata.co.at\/cz\/wp-json\/wp\/v2\/media?parent=729"}],"curies":[{"name":"wp","href":"https:\/\/api.w.org\/{rel}","templated":true}]}}